{"id":265464,"date":"2024-09-29T14:01:24","date_gmt":"2024-09-29T14:01:24","guid":{"rendered":"https:\/\/irankiuzona.lt\/product\/svarstykles-su-kabliu-elektronines-iki-50kg\/"},"modified":"2026-04-11T00:58:44","modified_gmt":"2026-04-11T00:58:44","slug":"svarstykles-su-kabliu-elektronines-iki-50kg","status":"publish","type":"product","link":"https:\/\/irankiuzona.lt\/ru\/product\/svarstykles-su-kabliu-elektronines-iki-50kg\/","title":{"rendered":"Svarstykl\u0117s su kabliu elektronin\u0117s iki 50kg"},"content":{"rendered":"<p>Taros funkcija \u2013 \u012fdomi svarstykli\u0173 funkcija taip pat yra taros parinktis. Tai leis prietaisui parodyti teising\u0105 produkt\u0173 svor\u012f, automati\u0161kai at\u0117mus konteinerio svor\u012f.Ap\u0161viestas ekranas \u2013 didelis ekranas u\u017etikrina patog\u0173 rezultat\u0173 skaitym\u0105. O jo ap\u0161vietimas padeda mums patikrinti svor\u012f. Foninio ap\u0161vietimo spalva &#8211; m\u0117lyna.Sulaikymo funkcija \u2013 rezultato u\u017erakto funkcija \u012fsimena paskutin\u012f rodmen\u012f .Automatinis i\u0161sijungimas \u2013 svarstykl\u0117s automati\u0161kai i\u0161sijungs po ilgo neveiklumo, taupant baterij\u0105.Kompakti\u0161ki matmenys \u2013 neapsunkins jo saugojimo \u2013 gal\u0117site mesti \u012f bet kur\u012f stal\u010di\u0173 arba pasiimti su savimi ki\u0161en\u0117je.Keli matavimo vienetai \u2013 svarstykl\u0117s gali rodyti matavimo rezultat\u0105 \u0161iais vienetais: KG, LB, OZ ir JIN.<br \/>\n\u00a0<\/p>","protected":false},"excerpt":{"rendered":"<p>Svarstykl\u0117s su kabliu elektronin\u0117s iki 50kg<br \/>\n2xAAA (komplekte n\u0117ra)<\/p>","protected":false},"featured_media":265466,"comment_status":"open","ping_status":"open","template":"","meta":[],"product_cat":[9945],"product_tag":[10087],"class_list":{"0":"post-265464","1":"product","2":"type-product","3":"status-publish","4":"has-post-thumbnail","6":"product_brand-verke","7":"product_cat-svarstykles","8":"product_tag-verke","10":"first","11":"instock","12":"purchasable","13":"product-type-simple"},"jetpack_sharing_enabled":true,"_links":{"self":[{"href":"https:\/\/irankiuzona.lt\/ru\/wp-json\/wp\/v2\/product\/265464","targetHints":{"allow":["GET"]}}],"collection":[{"href":"https:\/\/irankiuzona.lt\/ru\/wp-json\/wp\/v2\/product"}],"about":[{"href":"https:\/\/irankiuzona.lt\/ru\/wp-json\/wp\/v2\/types\/product"}],"replies":[{"embeddable":true,"href":"https:\/\/irankiuzona.lt\/ru\/wp-json\/wp\/v2\/comments?post=265464"}],"version-history":[{"count":1,"href":"https:\/\/irankiuzona.lt\/ru\/wp-json\/wp\/v2\/product\/265464\/revisions"}],"predecessor-version":[{"id":423611,"href":"https:\/\/irankiuzona.lt\/ru\/wp-json\/wp\/v2\/product\/265464\/revisions\/423611"}],"wp:featuredmedia":[{"embeddable":true,"href":"https:\/\/irankiuzona.lt\/ru\/wp-json\/wp\/v2\/media\/265466"}],"wp:attachment":[{"href":"https:\/\/irankiuzona.lt\/ru\/wp-json\/wp\/v2\/media?parent=265464"}],"wp:term":[{"taxonomy":"product_cat","embeddable":true,"href":"https:\/\/irankiuzona.lt\/ru\/wp-json\/wp\/v2\/product_cat?post=265464"},{"taxonomy":"product_tag","embeddable":true,"href":"https:\/\/irankiuzona.lt\/ru\/wp-json\/wp\/v2\/product_tag?post=265464"}],"curies":[{"name":"wp","href":"https:\/\/api.w.org\/{rel}","templated":true}]}}