{"id":265470,"date":"2024-09-29T14:01:25","date_gmt":"2024-09-29T14:01:25","guid":{"rendered":"https:\/\/irankiuzona.lt\/product\/svarstykles-su-kabliu-elektronines-1000kg-su-pultu\/"},"modified":"2026-04-11T00:58:44","modified_gmt":"2026-04-11T00:58:44","slug":"svarstykles-su-kabliu-elektronines-1000kg-su-pultu","status":"publish","type":"product","link":"https:\/\/irankiuzona.lt\/ru\/product\/svarstykles-su-kabliu-elektronines-1000kg-su-pultu\/","title":{"rendered":"Svarstykl\u0117s su kabliu elektronin\u0117s 1000kg su pultu"},"content":{"rendered":"<p>Darbin\u0117 dr\u0117gm\u0117:<90% 20 \u030a C temperat\u016braiDarbin\u0117 temperat\u016bra:-10 + 40 \u030a CDarbin\u0117 \u012ftampa:3,2\u20135,1 V (3 AA baterijos)Rezoliucija:0,5 kgDid\u017eiausia saugos apkrova:1200 kgDid\u017eiausia nominali apkrova:1000 kgDiapazonas:10-1000 kg\n\u00a0\n<\/p>","protected":false},"excerpt":{"rendered":"<p>Svarstykl\u0117s su kabliu elektronin\u0117s 1000kg su pultu<\/p>","protected":false},"featured_media":265472,"comment_status":"open","ping_status":"open","template":"","meta":[],"product_cat":[9945],"product_tag":[10087],"class_list":{"0":"post-265470","1":"product","2":"type-product","3":"status-publish","4":"has-post-thumbnail","6":"product_brand-verke","7":"product_cat-svarstykles","8":"product_tag-verke","10":"first","11":"outofstock","12":"purchasable","13":"product-type-simple"},"jetpack_sharing_enabled":true,"_links":{"self":[{"href":"https:\/\/irankiuzona.lt\/ru\/wp-json\/wp\/v2\/product\/265470","targetHints":{"allow":["GET"]}}],"collection":[{"href":"https:\/\/irankiuzona.lt\/ru\/wp-json\/wp\/v2\/product"}],"about":[{"href":"https:\/\/irankiuzona.lt\/ru\/wp-json\/wp\/v2\/types\/product"}],"replies":[{"embeddable":true,"href":"https:\/\/irankiuzona.lt\/ru\/wp-json\/wp\/v2\/comments?post=265470"}],"version-history":[{"count":1,"href":"https:\/\/irankiuzona.lt\/ru\/wp-json\/wp\/v2\/product\/265470\/revisions"}],"predecessor-version":[{"id":423613,"href":"https:\/\/irankiuzona.lt\/ru\/wp-json\/wp\/v2\/product\/265470\/revisions\/423613"}],"wp:featuredmedia":[{"embeddable":true,"href":"https:\/\/irankiuzona.lt\/ru\/wp-json\/wp\/v2\/media\/265472"}],"wp:attachment":[{"href":"https:\/\/irankiuzona.lt\/ru\/wp-json\/wp\/v2\/media?parent=265470"}],"wp:term":[{"taxonomy":"product_cat","embeddable":true,"href":"https:\/\/irankiuzona.lt\/ru\/wp-json\/wp\/v2\/product_cat?post=265470"},{"taxonomy":"product_tag","embeddable":true,"href":"https:\/\/irankiuzona.lt\/ru\/wp-json\/wp\/v2\/product_tag?post=265470"}],"curies":[{"name":"wp","href":"https:\/\/api.w.org\/{rel}","templated":true}]}}