{"id":265476,"date":"2024-09-29T14:01:25","date_gmt":"2024-09-29T14:01:25","guid":{"rendered":"https:\/\/irankiuzona.lt\/product\/graztai-universalus-4-10mm-5-daliu\/"},"modified":"2026-04-13T01:07:51","modified_gmt":"2026-04-13T01:07:51","slug":"graztai-universalus-4-10mm-5-daliu","status":"publish","type":"product","link":"https:\/\/irankiuzona.lt\/ru\/product\/graztai-universalus-4-10mm-5-daliu\/","title":{"rendered":"Gr\u0105\u017etai universal\u016bs 4-10mm 5 dali\u0173"},"content":{"rendered":"<p>Stiklo ir keramikos gr\u0105\u017etai, kuri\u0173 skersmuo nuo 4 iki 10 mm, pagaminti i\u0161 auk\u0161tos kokyb\u0117s plieno.\u00a0Darbin\u0117 plok\u0161t\u0117 pagaminta i\u0161 volframo karbido. S\u0117jamoji turi cilindrin\u012f tvirtinimo laikikl\u012f. Skirtas stiklo ir keramikos gamini\u0173 gr\u0119\u017eimui.Rinkin\u012f sudaro 5 dyd\u017ei\u0173 gr\u0105\u017etai:4 mm5 mm6 mm8 mm10 mm<br \/>\n\u00a0<\/p>","protected":false},"excerpt":{"rendered":"<p>Gr\u0105\u017etai stiklui, keramikai ,plastikui ,aliumui 4-10mm 5 dali\u0173<\/p>","protected":false},"featured_media":265478,"comment_status":"open","ping_status":"open","template":"","meta":[],"product_cat":[9775],"product_tag":[10087],"class_list":{"0":"post-265476","1":"product","2":"type-product","3":"status-publish","4":"has-post-thumbnail","6":"product_brand-verke","7":"product_cat-graztai-keramikai-plytelems","8":"product_tag-verke","10":"first","11":"instock","12":"purchasable","13":"product-type-simple"},"jetpack_sharing_enabled":true,"_links":{"self":[{"href":"https:\/\/irankiuzona.lt\/ru\/wp-json\/wp\/v2\/product\/265476","targetHints":{"allow":["GET"]}}],"collection":[{"href":"https:\/\/irankiuzona.lt\/ru\/wp-json\/wp\/v2\/product"}],"about":[{"href":"https:\/\/irankiuzona.lt\/ru\/wp-json\/wp\/v2\/types\/product"}],"replies":[{"embeddable":true,"href":"https:\/\/irankiuzona.lt\/ru\/wp-json\/wp\/v2\/comments?post=265476"}],"version-history":[{"count":1,"href":"https:\/\/irankiuzona.lt\/ru\/wp-json\/wp\/v2\/product\/265476\/revisions"}],"predecessor-version":[{"id":423615,"href":"https:\/\/irankiuzona.lt\/ru\/wp-json\/wp\/v2\/product\/265476\/revisions\/423615"}],"wp:featuredmedia":[{"embeddable":true,"href":"https:\/\/irankiuzona.lt\/ru\/wp-json\/wp\/v2\/media\/265478"}],"wp:attachment":[{"href":"https:\/\/irankiuzona.lt\/ru\/wp-json\/wp\/v2\/media?parent=265476"}],"wp:term":[{"taxonomy":"product_cat","embeddable":true,"href":"https:\/\/irankiuzona.lt\/ru\/wp-json\/wp\/v2\/product_cat?post=265476"},{"taxonomy":"product_tag","embeddable":true,"href":"https:\/\/irankiuzona.lt\/ru\/wp-json\/wp\/v2\/product_tag?post=265476"}],"curies":[{"name":"wp","href":"https:\/\/api.w.org\/{rel}","templated":true}]}}