{"id":265488,"date":"2024-09-29T14:01:26","date_gmt":"2024-09-29T14:01:26","guid":{"rendered":"https:\/\/irankiuzona.lt\/product\/svarstykles-su-kabliu-elektronines-iki-200kg\/"},"modified":"2026-04-11T00:58:45","modified_gmt":"2026-04-11T00:58:45","slug":"svarstykles-su-kabliu-elektronines-iki-200kg","status":"publish","type":"product","link":"https:\/\/irankiuzona.lt\/ru\/product\/svarstykles-su-kabliu-elektronines-iki-200kg\/","title":{"rendered":"Svarstykl\u0117s su kabliu elektronin\u0117s iki 200kg"},"content":{"rendered":"<p>Kabliuk\u0173 svarstykl\u0117s turi sv\u0117rimo diapazon\u0105 iki 200 kg, o tikslumas 100 g.Prietaisas turi didel\u012f ir ai\u0161k\u0173 LCD ekran\u0105 su ap\u0161vietimu.Sustiprinta konstrukcija leid\u017eia gauti patikimesnius ir reguliaresnius rezultatus.Rezultato i\u0161laikymas, nulio nustatymas arba sv\u0117rimo vieneto (kg, lb, N) keitimas.\u012erenginys maitinamas 2 AAA tipo baterijomis (yra komplekte). J\u0173 d\u0117ka kablio svarstykl\u0117s gali veikti ilg\u0105 laik\u0105.LCD ekranas pasi\u017eymi labai geru kontrastu ir foninio ap\u0161vietimo galimybe. D\u0117l \u0161ios prie\u017easties galite lengvai perskaityti rezultat\u0105 bet kokiu kampu ir riboto matomumo vietose.<br \/>\n\u00a0<\/p>","protected":false},"excerpt":{"rendered":"<p>Svarstykl\u0117s su kabliu elektronin\u0117s iki 200kg<\/p>","protected":false},"featured_media":265490,"comment_status":"open","ping_status":"open","template":"","meta":[],"product_cat":[9945],"product_tag":[10087],"class_list":{"0":"post-265488","1":"product","2":"type-product","3":"status-publish","4":"has-post-thumbnail","6":"product_brand-verke","7":"product_cat-svarstykles","8":"product_tag-verke","10":"first","11":"instock","12":"purchasable","13":"product-type-simple"},"jetpack_sharing_enabled":true,"_links":{"self":[{"href":"https:\/\/irankiuzona.lt\/ru\/wp-json\/wp\/v2\/product\/265488","targetHints":{"allow":["GET"]}}],"collection":[{"href":"https:\/\/irankiuzona.lt\/ru\/wp-json\/wp\/v2\/product"}],"about":[{"href":"https:\/\/irankiuzona.lt\/ru\/wp-json\/wp\/v2\/types\/product"}],"replies":[{"embeddable":true,"href":"https:\/\/irankiuzona.lt\/ru\/wp-json\/wp\/v2\/comments?post=265488"}],"version-history":[{"count":1,"href":"https:\/\/irankiuzona.lt\/ru\/wp-json\/wp\/v2\/product\/265488\/revisions"}],"predecessor-version":[{"id":423619,"href":"https:\/\/irankiuzona.lt\/ru\/wp-json\/wp\/v2\/product\/265488\/revisions\/423619"}],"wp:featuredmedia":[{"embeddable":true,"href":"https:\/\/irankiuzona.lt\/ru\/wp-json\/wp\/v2\/media\/265490"}],"wp:attachment":[{"href":"https:\/\/irankiuzona.lt\/ru\/wp-json\/wp\/v2\/media?parent=265488"}],"wp:term":[{"taxonomy":"product_cat","embeddable":true,"href":"https:\/\/irankiuzona.lt\/ru\/wp-json\/wp\/v2\/product_cat?post=265488"},{"taxonomy":"product_tag","embeddable":true,"href":"https:\/\/irankiuzona.lt\/ru\/wp-json\/wp\/v2\/product_tag?post=265488"}],"curies":[{"name":"wp","href":"https:\/\/api.w.org\/{rel}","templated":true}]}}