{"id":265503,"date":"2024-09-29T14:01:27","date_gmt":"2024-09-29T14:01:27","guid":{"rendered":"https:\/\/irankiuzona.lt\/product\/svarstykles-su-kabliu-elektronines-3000kg-su-pultu\/"},"modified":"2026-04-11T00:58:45","modified_gmt":"2026-04-11T00:58:45","slug":"svarstykles-su-kabliu-elektronines-3000kg-su-pultu","status":"publish","type":"product","link":"https:\/\/irankiuzona.lt\/ru\/product\/svarstykles-su-kabliu-elektronines-3000kg-su-pultu\/","title":{"rendered":"Svarstykl\u0117s su kabliu elektronin\u0117s 3000kg su pultu"},"content":{"rendered":"<p>Baterija:6V\/4,5AhTikslumo klas\u0117:pagal III standart\u0105Did\u017eiausia saugos apkrova:3750 kgDid\u017eiausia nominali apkrova:3000 kgDarbo aplinkos temperat\u016bra:-10 + 40 \u030aCSvarstykl\u0117s:12 kgNuskaitymo diagramos vert\u0117:1 kgDarbin\u0117 dr\u0117gm\u0117:<90% 20 \u030a C temperat\u016braiDiapazonas:20-3000 kg\u012ekroviklio maitinimo \u0161altinis:~230V\/50HzNuotolinio valdymo pulto diapazonas:<20m\n\u00a0\n<\/p>","protected":false},"excerpt":{"rendered":"<p>Svarstykl\u0117s su kabliu elektronin\u0117s 3000kg su pultu<\/p>","protected":false},"featured_media":265505,"comment_status":"open","ping_status":"open","template":"","meta":[],"product_cat":[9945],"product_tag":[10087],"class_list":{"0":"post-265503","1":"product","2":"type-product","3":"status-publish","4":"has-post-thumbnail","6":"product_brand-verke","7":"product_cat-svarstykles","8":"product_tag-verke","10":"first","11":"instock","12":"purchasable","13":"product-type-simple"},"jetpack_sharing_enabled":true,"_links":{"self":[{"href":"https:\/\/irankiuzona.lt\/ru\/wp-json\/wp\/v2\/product\/265503","targetHints":{"allow":["GET"]}}],"collection":[{"href":"https:\/\/irankiuzona.lt\/ru\/wp-json\/wp\/v2\/product"}],"about":[{"href":"https:\/\/irankiuzona.lt\/ru\/wp-json\/wp\/v2\/types\/product"}],"replies":[{"embeddable":true,"href":"https:\/\/irankiuzona.lt\/ru\/wp-json\/wp\/v2\/comments?post=265503"}],"version-history":[{"count":1,"href":"https:\/\/irankiuzona.lt\/ru\/wp-json\/wp\/v2\/product\/265503\/revisions"}],"predecessor-version":[{"id":423624,"href":"https:\/\/irankiuzona.lt\/ru\/wp-json\/wp\/v2\/product\/265503\/revisions\/423624"}],"wp:featuredmedia":[{"embeddable":true,"href":"https:\/\/irankiuzona.lt\/ru\/wp-json\/wp\/v2\/media\/265505"}],"wp:attachment":[{"href":"https:\/\/irankiuzona.lt\/ru\/wp-json\/wp\/v2\/media?parent=265503"}],"wp:term":[{"taxonomy":"product_cat","embeddable":true,"href":"https:\/\/irankiuzona.lt\/ru\/wp-json\/wp\/v2\/product_cat?post=265503"},{"taxonomy":"product_tag","embeddable":true,"href":"https:\/\/irankiuzona.lt\/ru\/wp-json\/wp\/v2\/product_tag?post=265503"}],"curies":[{"name":"wp","href":"https:\/\/api.w.org\/{rel}","templated":true}]}}