{"id":265521,"date":"2024-09-29T14:01:29","date_gmt":"2024-09-29T14:01:29","guid":{"rendered":"https:\/\/irankiuzona.lt\/product\/irankiu-vezimelis-7-stalciu-su-durim-298-irankiais\/"},"modified":"2026-05-16T22:19:49","modified_gmt":"2026-05-16T22:19:49","slug":"irankiu-vezimelis-7-stalciu-su-durim-298-irankiais","status":"publish","type":"product","link":"https:\/\/irankiuzona.lt\/ru\/product\/irankiu-vezimelis-7-stalciu-su-durim-298-irankiais\/","title":{"rendered":"\u012eranki\u0173 ve\u017eim\u0117lis 7 stal\u010di\u0173 su durim + 298 \u012frankiais"},"content":{"rendered":"<p>Vidutin\u0117s kokyb\u0117s \u012frankiai, neskirti profesionaliam naudojimui!I\u0161matavimai:Auk\u0161tis 90cm (su ratukais)Ilgis 112cm (su rankena) \/ 104cm (be rankenos)Plotis\/gylis 46cm1stal\u010dius1\/4 + 3\/8 + 1\/2 \u012franki\u0173 komplektas1\/4 galvut\u0117s 4-14mm trumpos \/ ilgos3\/8 galvut\u0117s 6-19mm trumpos \/ ilgos1\/2 galvut\u0117s 8-32mm trumpos \/ 10-24mm ilgoskardanin\u0117s jungtys + prailgintuvai 1\/4 100mm; 3\/8 150mm; 1\/2 125mm2stal\u010dius 8mm antgali\u0173 komplektas1\/4 + 1\/2 \u012fpresuot\u0173 antgali\u0173 komplektas3stal\u010diusTerk\u0161lini\u0173 rakt\u0173 komplektas 8-22mm4stal\u010dius Atsuktuv\u0173 komplektas +- PH\/SLTORX atsuktuv\u0173 komplektas 5stal\u010dius Repli\u0173 komplektas + plaktukas + i\u0161mu\u0161\u0117j\u0173 komplektas6stal\u010diusT-formos TORX + HEX komplektai su rankenomisH2-H10 \u0161e\u0161iakampiaiT10-T50 torx7stal\u010dius Pypkini\u0173, kiaurymini\u0173 rakt\u0173 komplektas 6-21mmSkaitmeninis slankmatis<\/p>","protected":false},"excerpt":{"rendered":"<p>Platesn\u0117 \u012franki\u0173 spintel\u0117 ant ratuk\u0173 su 298 \u012frankiais + papildoma talpa su lentynomis daiktams ar \u012frankiams susid\u0117ti<\/p>","protected":false},"featured_media":265523,"comment_status":"open","ping_status":"open","template":"","meta":[],"product_cat":[9943],"product_tag":[10151],"class_list":{"0":"post-265521","1":"product","2":"type-product","3":"status-publish","4":"has-post-thumbnail","6":"product_brand-lenkija-tiekejas","7":"product_cat-vezimeliai-irankiu-spintos","8":"product_tag-lenkija-tiekejas","10":"first","11":"outofstock","12":"purchasable","13":"product-type-simple"},"jetpack_sharing_enabled":true,"_links":{"self":[{"href":"https:\/\/irankiuzona.lt\/ru\/wp-json\/wp\/v2\/product\/265521","targetHints":{"allow":["GET"]}}],"collection":[{"href":"https:\/\/irankiuzona.lt\/ru\/wp-json\/wp\/v2\/product"}],"about":[{"href":"https:\/\/irankiuzona.lt\/ru\/wp-json\/wp\/v2\/types\/product"}],"replies":[{"embeddable":true,"href":"https:\/\/irankiuzona.lt\/ru\/wp-json\/wp\/v2\/comments?post=265521"}],"version-history":[{"count":1,"href":"https:\/\/irankiuzona.lt\/ru\/wp-json\/wp\/v2\/product\/265521\/revisions"}],"predecessor-version":[{"id":423630,"href":"https:\/\/irankiuzona.lt\/ru\/wp-json\/wp\/v2\/product\/265521\/revisions\/423630"}],"wp:featuredmedia":[{"embeddable":true,"href":"https:\/\/irankiuzona.lt\/ru\/wp-json\/wp\/v2\/media\/265523"}],"wp:attachment":[{"href":"https:\/\/irankiuzona.lt\/ru\/wp-json\/wp\/v2\/media?parent=265521"}],"wp:term":[{"taxonomy":"product_cat","embeddable":true,"href":"https:\/\/irankiuzona.lt\/ru\/wp-json\/wp\/v2\/product_cat?post=265521"},{"taxonomy":"product_tag","embeddable":true,"href":"https:\/\/irankiuzona.lt\/ru\/wp-json\/wp\/v2\/product_tag?post=265521"}],"curies":[{"name":"wp","href":"https:\/\/api.w.org\/{rel}","templated":true}]}}