{"id":265524,"date":"2024-09-29T14:01:29","date_gmt":"2024-09-29T14:01:29","guid":{"rendered":"https:\/\/irankiuzona.lt\/product\/hogert-murininko-virve-melyna-15mm-50m\/"},"modified":"2026-04-14T21:36:30","modified_gmt":"2026-04-14T21:36:30","slug":"hogert-murininko-virve-melyna-15mm-50m","status":"publish","type":"product","link":"https:\/\/irankiuzona.lt\/ru\/product\/hogert-murininko-virve-melyna-15mm-50m\/","title":{"rendered":"HOGERT m\u016brininko virv\u0117 m\u0117lyna 1,5mm. 50m."},"content":{"rendered":"<p>Prek\u0117s apra\u0161ymas<br \/>\nIlgis 50 mSkersmuo: 1,5 mmSpalva: m\u0117lyna<\/p>","protected":false},"excerpt":{"rendered":"<p>HOGERT m\u016brininko virv\u0117 m\u0117lyna 1,5mm. 50m.<\/p>","protected":false},"featured_media":265526,"comment_status":"open","ping_status":"open","template":"","meta":[],"product_cat":[9447],"product_tag":[9969],"class_list":{"0":"post-265524","1":"product","2":"type-product","3":"status-publish","4":"has-post-thumbnail","6":"product_brand-hogert-technik-vokietija","7":"product_cat-virves","8":"product_tag-hogert-technik-vokietija","10":"first","11":"instock","12":"purchasable","13":"product-type-simple"},"jetpack_sharing_enabled":true,"_links":{"self":[{"href":"https:\/\/irankiuzona.lt\/ru\/wp-json\/wp\/v2\/product\/265524","targetHints":{"allow":["GET"]}}],"collection":[{"href":"https:\/\/irankiuzona.lt\/ru\/wp-json\/wp\/v2\/product"}],"about":[{"href":"https:\/\/irankiuzona.lt\/ru\/wp-json\/wp\/v2\/types\/product"}],"replies":[{"embeddable":true,"href":"https:\/\/irankiuzona.lt\/ru\/wp-json\/wp\/v2\/comments?post=265524"}],"version-history":[{"count":1,"href":"https:\/\/irankiuzona.lt\/ru\/wp-json\/wp\/v2\/product\/265524\/revisions"}],"predecessor-version":[{"id":423631,"href":"https:\/\/irankiuzona.lt\/ru\/wp-json\/wp\/v2\/product\/265524\/revisions\/423631"}],"wp:featuredmedia":[{"embeddable":true,"href":"https:\/\/irankiuzona.lt\/ru\/wp-json\/wp\/v2\/media\/265526"}],"wp:attachment":[{"href":"https:\/\/irankiuzona.lt\/ru\/wp-json\/wp\/v2\/media?parent=265524"}],"wp:term":[{"taxonomy":"product_cat","embeddable":true,"href":"https:\/\/irankiuzona.lt\/ru\/wp-json\/wp\/v2\/product_cat?post=265524"},{"taxonomy":"product_tag","embeddable":true,"href":"https:\/\/irankiuzona.lt\/ru\/wp-json\/wp\/v2\/product_tag?post=265524"}],"curies":[{"name":"wp","href":"https:\/\/api.w.org\/{rel}","templated":true}]}}