{"id":265548,"date":"2024-09-29T14:01:31","date_gmt":"2024-09-29T14:01:31","guid":{"rendered":"https:\/\/irankiuzona.lt\/product\/hogert-antivibracines-apsaugines-pirstines-juodos-pu-9-dydis\/"},"modified":"2026-05-16T21:34:40","modified_gmt":"2026-05-16T21:34:40","slug":"hogert-antivibracines-apsaugines-pirstines-juodos-pu-9-dydis","status":"publish","type":"product","link":"https:\/\/irankiuzona.lt\/ru\/product\/hogert-antivibracines-apsaugines-pirstines-juodos-pu-9-dydis\/","title":{"rendered":"HOGERT antivibracin\u0117s apsaugin\u0117s pir\u0161tin\u0117s , juodos, PU 9 dydis"},"content":{"rendered":"<p>CharakteristikaMed\u017eiaga: poliesterio trikota\u017eas.Auk\u0161tos kokyb\u0117s sm\u016bgius sugerianti put\u0173 guma.Atsparus dilimui ir ply\u0161imui.Latekso put\u0173 sutvirtinimas.Pir\u0161tin\u0117s, skirtos suma\u017einti sm\u016bgi\u0173 ir vibracijos poveik\u012f.Besi\u016bl\u0117s pir\u0161tin\u0117s.Standartas: EN<\/p>","protected":false},"excerpt":{"rendered":"<p>HOGERT antivibracin\u0117s apsaugin\u0117s pir\u0161tin\u0117s , juodos, PU 9 dydis<\/p>","protected":false},"featured_media":265550,"comment_status":"open","ping_status":"open","template":"","meta":[],"product_cat":[9921],"product_tag":[9969],"class_list":{"0":"post-265548","1":"product","2":"type-product","3":"status-publish","4":"has-post-thumbnail","6":"product_brand-hogert-technik-vokietija","7":"product_cat-tekstilines-darbo-pirstines","8":"product_tag-hogert-technik-vokietija","10":"first","11":"instock","12":"purchasable","13":"product-type-simple"},"jetpack_sharing_enabled":true,"_links":{"self":[{"href":"https:\/\/irankiuzona.lt\/ru\/wp-json\/wp\/v2\/product\/265548","targetHints":{"allow":["GET"]}}],"collection":[{"href":"https:\/\/irankiuzona.lt\/ru\/wp-json\/wp\/v2\/product"}],"about":[{"href":"https:\/\/irankiuzona.lt\/ru\/wp-json\/wp\/v2\/types\/product"}],"replies":[{"embeddable":true,"href":"https:\/\/irankiuzona.lt\/ru\/wp-json\/wp\/v2\/comments?post=265548"}],"version-history":[{"count":1,"href":"https:\/\/irankiuzona.lt\/ru\/wp-json\/wp\/v2\/product\/265548\/revisions"}],"predecessor-version":[{"id":423639,"href":"https:\/\/irankiuzona.lt\/ru\/wp-json\/wp\/v2\/product\/265548\/revisions\/423639"}],"wp:featuredmedia":[{"embeddable":true,"href":"https:\/\/irankiuzona.lt\/ru\/wp-json\/wp\/v2\/media\/265550"}],"wp:attachment":[{"href":"https:\/\/irankiuzona.lt\/ru\/wp-json\/wp\/v2\/media?parent=265548"}],"wp:term":[{"taxonomy":"product_cat","embeddable":true,"href":"https:\/\/irankiuzona.lt\/ru\/wp-json\/wp\/v2\/product_cat?post=265548"},{"taxonomy":"product_tag","embeddable":true,"href":"https:\/\/irankiuzona.lt\/ru\/wp-json\/wp\/v2\/product_tag?post=265548"}],"curies":[{"name":"wp","href":"https:\/\/api.w.org\/{rel}","templated":true}]}}