{"id":265568,"date":"2024-09-29T14:01:32","date_gmt":"2024-09-29T14:01:32","guid":{"rendered":"https:\/\/irankiuzona.lt\/product\/hogert-apsaugines-pirstines-hppe-atsparios-pjuviams-9-dydis\/"},"modified":"2026-05-16T21:34:40","modified_gmt":"2026-05-16T21:34:40","slug":"hogert-apsaugines-pirstines-hppe-atsparios-pjuviams-9-dydis","status":"publish","type":"product","link":"https:\/\/irankiuzona.lt\/ru\/product\/hogert-apsaugines-pirstines-hppe-atsparios-pjuviams-9-dydis\/","title":{"rendered":"HOGERT apsaugin\u0117s pir\u0161tin\u0117s HPPE, atsparios pj\u016bviams, 9 dydis"},"content":{"rendered":"<p>CharakteristikaMed\u017eiaga: megztas audinys su HPPE pluo\u0161tu, padengtas poliuretanu.Auk\u0161to lygio atsparumo pjovimui \u2013 A6Atsparumas dilimui.Atsparumas ply\u0161imui.<\/p>","protected":false},"excerpt":{"rendered":"<p>HOGERT apsaugin\u0117s pir\u0161tin\u0117s HPPE, atsparios pj\u016bviams, 9d<\/p>","protected":false},"featured_media":265570,"comment_status":"open","ping_status":"open","template":"","meta":[],"product_cat":[9921],"product_tag":[9969],"class_list":{"0":"post-265568","1":"product","2":"type-product","3":"status-publish","4":"has-post-thumbnail","6":"product_brand-hogert-technik-vokietija","7":"product_cat-tekstilines-darbo-pirstines","8":"product_tag-hogert-technik-vokietija","10":"first","11":"instock","12":"purchasable","13":"product-type-simple"},"jetpack_sharing_enabled":true,"_links":{"self":[{"href":"https:\/\/irankiuzona.lt\/ru\/wp-json\/wp\/v2\/product\/265568","targetHints":{"allow":["GET"]}}],"collection":[{"href":"https:\/\/irankiuzona.lt\/ru\/wp-json\/wp\/v2\/product"}],"about":[{"href":"https:\/\/irankiuzona.lt\/ru\/wp-json\/wp\/v2\/types\/product"}],"replies":[{"embeddable":true,"href":"https:\/\/irankiuzona.lt\/ru\/wp-json\/wp\/v2\/comments?post=265568"}],"version-history":[{"count":1,"href":"https:\/\/irankiuzona.lt\/ru\/wp-json\/wp\/v2\/product\/265568\/revisions"}],"predecessor-version":[{"id":423646,"href":"https:\/\/irankiuzona.lt\/ru\/wp-json\/wp\/v2\/product\/265568\/revisions\/423646"}],"wp:featuredmedia":[{"embeddable":true,"href":"https:\/\/irankiuzona.lt\/ru\/wp-json\/wp\/v2\/media\/265570"}],"wp:attachment":[{"href":"https:\/\/irankiuzona.lt\/ru\/wp-json\/wp\/v2\/media?parent=265568"}],"wp:term":[{"taxonomy":"product_cat","embeddable":true,"href":"https:\/\/irankiuzona.lt\/ru\/wp-json\/wp\/v2\/product_cat?post=265568"},{"taxonomy":"product_tag","embeddable":true,"href":"https:\/\/irankiuzona.lt\/ru\/wp-json\/wp\/v2\/product_tag?post=265568"}],"curies":[{"name":"wp","href":"https:\/\/api.w.org\/{rel}","templated":true}]}}