{"id":265622,"date":"2024-09-29T14:01:36","date_gmt":"2024-09-29T14:01:36","guid":{"rendered":"https:\/\/irankiuzona.lt\/product\/darbo-lempa-cob-led-su-belaide-ikrovimo-stotele\/"},"modified":"2026-03-03T14:35:59","modified_gmt":"2026-03-03T14:35:59","slug":"darbo-lempa-cob-led-su-belaide-ikrovimo-stotele","status":"publish","type":"product","link":"https:\/\/irankiuzona.lt\/ru\/product\/darbo-lempa-cob-led-su-belaide-ikrovimo-stotele\/","title":{"rendered":"Darbo lempa COB-LED su belaide \u012fkrovimo stotele"},"content":{"rendered":"<p>Belaid\u0117 darbo lempa LED: 3030 (tolimosios \u0161viesos) + COB (artimosios \u0161viesos) Baterija: 4000 mAh\u00a0 Re\u017eimai: COB Stiprus, vidutinis, silpnas. LED Stiprus ir I\u0160JUNGTAS \u0160viesos galia: 800 lm &#8211; 480 lm &#8211; 230 lm &#8211; 90 lm \u012ekrovimo laikas: 5 val Dydis: 146.5 x 56 x 27 mm<br \/>\nPatvarus aliuminio korpusas Maitinimo indikatorius \u012ekroviklio funkcija Belaid\u017eio \u012fkrovimo funkcija Kabliukai su magnetu gale\u00a0<\/p>","protected":false},"excerpt":{"rendered":"<p>\u012ekraunamas pro\u017eektorius darbui COB LED su krovimo stotele<\/p>","protected":false},"featured_media":265624,"comment_status":"open","ping_status":"open","template":"","meta":[],"product_cat":[9854],"product_tag":[9932],"class_list":{"0":"post-265622","1":"product","2":"type-product","3":"status-publish","4":"has-post-thumbnail","6":"product_brand-taivanis-taiwan","7":"product_cat-lempos-ikraunamos","8":"product_tag-taivanis-taiwan","10":"first","11":"outofstock","12":"purchasable","13":"product-type-simple"},"jetpack_sharing_enabled":true,"_links":{"self":[{"href":"https:\/\/irankiuzona.lt\/ru\/wp-json\/wp\/v2\/product\/265622","targetHints":{"allow":["GET"]}}],"collection":[{"href":"https:\/\/irankiuzona.lt\/ru\/wp-json\/wp\/v2\/product"}],"about":[{"href":"https:\/\/irankiuzona.lt\/ru\/wp-json\/wp\/v2\/types\/product"}],"replies":[{"embeddable":true,"href":"https:\/\/irankiuzona.lt\/ru\/wp-json\/wp\/v2\/comments?post=265622"}],"version-history":[{"count":1,"href":"https:\/\/irankiuzona.lt\/ru\/wp-json\/wp\/v2\/product\/265622\/revisions"}],"predecessor-version":[{"id":423666,"href":"https:\/\/irankiuzona.lt\/ru\/wp-json\/wp\/v2\/product\/265622\/revisions\/423666"}],"wp:featuredmedia":[{"embeddable":true,"href":"https:\/\/irankiuzona.lt\/ru\/wp-json\/wp\/v2\/media\/265624"}],"wp:attachment":[{"href":"https:\/\/irankiuzona.lt\/ru\/wp-json\/wp\/v2\/media?parent=265622"}],"wp:term":[{"taxonomy":"product_cat","embeddable":true,"href":"https:\/\/irankiuzona.lt\/ru\/wp-json\/wp\/v2\/product_cat?post=265622"},{"taxonomy":"product_tag","embeddable":true,"href":"https:\/\/irankiuzona.lt\/ru\/wp-json\/wp\/v2\/product_tag?post=265622"}],"curies":[{"name":"wp","href":"https:\/\/api.w.org\/{rel}","templated":true}]}}