{"id":265709,"date":"2024-09-29T14:01:42","date_gmt":"2024-09-29T14:01:42","guid":{"rendered":"https:\/\/irankiuzona.lt\/product\/druskos-rugstis-1l\/"},"modified":"2025-04-23T20:20:17","modified_gmt":"2025-04-23T20:20:17","slug":"druskos-rugstis-1l","status":"publish","type":"product","link":"https:\/\/irankiuzona.lt\/ru\/product\/druskos-rugstis-1l\/","title":{"rendered":"Druskos R\u016bg\u0161tis 1L"},"content":{"rendered":"<p>Druskos R\u016bg\u0161tis 1L<\/p>","protected":false},"excerpt":{"rendered":"<p>Druskos R\u016bg\u0161tis 1L<\/p>","protected":false},"featured_media":265711,"comment_status":"open","ping_status":"open","template":"","meta":[],"product_cat":[9976],"product_tag":[],"class_list":{"0":"post-265709","1":"product","2":"type-product","3":"status-publish","4":"has-post-thumbnail","6":"product_cat-katalogas","8":"first","9":"instock","10":"purchasable","11":"product-type-simple"},"jetpack_sharing_enabled":true,"_links":{"self":[{"href":"https:\/\/irankiuzona.lt\/ru\/wp-json\/wp\/v2\/product\/265709","targetHints":{"allow":["GET"]}}],"collection":[{"href":"https:\/\/irankiuzona.lt\/ru\/wp-json\/wp\/v2\/product"}],"about":[{"href":"https:\/\/irankiuzona.lt\/ru\/wp-json\/wp\/v2\/types\/product"}],"replies":[{"embeddable":true,"href":"https:\/\/irankiuzona.lt\/ru\/wp-json\/wp\/v2\/comments?post=265709"}],"version-history":[{"count":0,"href":"https:\/\/irankiuzona.lt\/ru\/wp-json\/wp\/v2\/product\/265709\/revisions"}],"wp:featuredmedia":[{"embeddable":true,"href":"https:\/\/irankiuzona.lt\/ru\/wp-json\/wp\/v2\/media\/265711"}],"wp:attachment":[{"href":"https:\/\/irankiuzona.lt\/ru\/wp-json\/wp\/v2\/media?parent=265709"}],"wp:term":[{"taxonomy":"product_cat","embeddable":true,"href":"https:\/\/irankiuzona.lt\/ru\/wp-json\/wp\/v2\/product_cat?post=265709"},{"taxonomy":"product_tag","embeddable":true,"href":"https:\/\/irankiuzona.lt\/ru\/wp-json\/wp\/v2\/product_tag?post=265709"}],"curies":[{"name":"wp","href":"https:\/\/api.w.org\/{rel}","templated":true}]}}