{"id":265751,"date":"2024-09-29T14:01:45","date_gmt":"2024-09-29T14:01:45","guid":{"rendered":"https:\/\/irankiuzona.lt\/product\/reples-ziedams-10-su-antgaliais\/"},"modified":"2026-04-19T17:54:47","modified_gmt":"2026-04-19T17:54:47","slug":"reples-ziedams-10-su-antgaliais","status":"publish","type":"product","link":"https:\/\/irankiuzona.lt\/ru\/product\/reples-ziedams-10-su-antgaliais\/","title":{"rendered":"Repl\u0117s \u017eiedams 10&#8221; su antgaliais"},"content":{"rendered":"<p>\u012eskaitant :\u2013 2,75 mm antgaliai ties\u016bs 0\u00b0, o su lenkimu: 15\u00b0, 45\u00b0, 90\u00b0.\u2013 3,00 mm antgaliai ties\u016bs 0\u00b0, o su lenkimu: 15\u00b0, 45\u00b0, 90\u00b0.\u2013 M5 x 0,8 var\u017etai.<br \/>\nRepli\u0173 ilgis: 266 mm.<\/p>","protected":false},"excerpt":{"rendered":"<p>Repl\u0117s \u017eiedams 10&#8221; su antgaliais<\/p>","protected":false},"featured_media":265753,"comment_status":"open","ping_status":"open","template":"","meta":[],"product_cat":[9986],"product_tag":[10130],"class_list":{"0":"post-265751","1":"product","2":"type-product","3":"status-publish","4":"has-post-thumbnail","6":"product_brand-satra-lenkija","7":"product_cat-repliu-komplektai-fiksavimo-ziedams","8":"product_tag-satra-lenkija","10":"first","11":"instock","12":"purchasable","13":"product-type-simple"},"jetpack_sharing_enabled":true,"_links":{"self":[{"href":"https:\/\/irankiuzona.lt\/ru\/wp-json\/wp\/v2\/product\/265751","targetHints":{"allow":["GET"]}}],"collection":[{"href":"https:\/\/irankiuzona.lt\/ru\/wp-json\/wp\/v2\/product"}],"about":[{"href":"https:\/\/irankiuzona.lt\/ru\/wp-json\/wp\/v2\/types\/product"}],"replies":[{"embeddable":true,"href":"https:\/\/irankiuzona.lt\/ru\/wp-json\/wp\/v2\/comments?post=265751"}],"version-history":[{"count":1,"href":"https:\/\/irankiuzona.lt\/ru\/wp-json\/wp\/v2\/product\/265751\/revisions"}],"predecessor-version":[{"id":423708,"href":"https:\/\/irankiuzona.lt\/ru\/wp-json\/wp\/v2\/product\/265751\/revisions\/423708"}],"wp:featuredmedia":[{"embeddable":true,"href":"https:\/\/irankiuzona.lt\/ru\/wp-json\/wp\/v2\/media\/265753"}],"wp:attachment":[{"href":"https:\/\/irankiuzona.lt\/ru\/wp-json\/wp\/v2\/media?parent=265751"}],"wp:term":[{"taxonomy":"product_cat","embeddable":true,"href":"https:\/\/irankiuzona.lt\/ru\/wp-json\/wp\/v2\/product_cat?post=265751"},{"taxonomy":"product_tag","embeddable":true,"href":"https:\/\/irankiuzona.lt\/ru\/wp-json\/wp\/v2\/product_tag?post=265751"}],"curies":[{"name":"wp","href":"https:\/\/api.w.org\/{rel}","templated":true}]}}