{"id":265760,"date":"2024-09-29T14:01:45","date_gmt":"2024-09-29T14:01:45","guid":{"rendered":"https:\/\/irankiuzona.lt\/product\/mases-atjungejas-500a-sw\/"},"modified":"2026-04-19T17:54:48","modified_gmt":"2026-04-19T17:54:48","slug":"mases-atjungejas-500a-sw","status":"publish","type":"product","link":"https:\/\/irankiuzona.lt\/ru\/product\/mases-atjungejas-500a-sw\/","title":{"rendered":"Mas\u0117s atjung\u0117jas 500A SW"},"content":{"rendered":"<p>Poli\u0161kumas: neigiamasTemp. Veikia -40\u00b0C- +90\u00b0CMaks. pastovi galia: 125AMaks. maksimali momentin\u0117 galia: 500 A.\u012etampa: 12-24VRankenos skersmuo: 17,5 mm \/ neigiamasVielos dydis: 4-6AWGDarbin\u0117 temperat\u016bra: -40\u00b0C- +90\u00b0CAtitiktis direktyvai: RoHS, EC<\/p>","protected":false},"excerpt":{"rendered":"<p>Mas\u0117s atjung\u0117jas 500A SW<\/p>","protected":false},"featured_media":265762,"comment_status":"open","ping_status":"open","template":"","meta":[],"product_cat":[9697],"product_tag":[10130],"class_list":{"0":"post-265760","1":"product","2":"type-product","3":"status-publish","4":"has-post-thumbnail","6":"product_brand-satra-lenkija","7":"product_cat-aksesuarai-automobiliams","8":"product_tag-satra-lenkija","10":"first","11":"outofstock","12":"purchasable","13":"product-type-simple"},"jetpack_sharing_enabled":true,"_links":{"self":[{"href":"https:\/\/irankiuzona.lt\/ru\/wp-json\/wp\/v2\/product\/265760","targetHints":{"allow":["GET"]}}],"collection":[{"href":"https:\/\/irankiuzona.lt\/ru\/wp-json\/wp\/v2\/product"}],"about":[{"href":"https:\/\/irankiuzona.lt\/ru\/wp-json\/wp\/v2\/types\/product"}],"replies":[{"embeddable":true,"href":"https:\/\/irankiuzona.lt\/ru\/wp-json\/wp\/v2\/comments?post=265760"}],"version-history":[{"count":1,"href":"https:\/\/irankiuzona.lt\/ru\/wp-json\/wp\/v2\/product\/265760\/revisions"}],"predecessor-version":[{"id":423711,"href":"https:\/\/irankiuzona.lt\/ru\/wp-json\/wp\/v2\/product\/265760\/revisions\/423711"}],"wp:featuredmedia":[{"embeddable":true,"href":"https:\/\/irankiuzona.lt\/ru\/wp-json\/wp\/v2\/media\/265762"}],"wp:attachment":[{"href":"https:\/\/irankiuzona.lt\/ru\/wp-json\/wp\/v2\/media?parent=265760"}],"wp:term":[{"taxonomy":"product_cat","embeddable":true,"href":"https:\/\/irankiuzona.lt\/ru\/wp-json\/wp\/v2\/product_cat?post=265760"},{"taxonomy":"product_tag","embeddable":true,"href":"https:\/\/irankiuzona.lt\/ru\/wp-json\/wp\/v2\/product_tag?post=265760"}],"curies":[{"name":"wp","href":"https:\/\/api.w.org\/{rel}","templated":true}]}}