{"id":265763,"date":"2024-09-29T14:01:45","date_gmt":"2024-09-29T14:01:45","guid":{"rendered":"https:\/\/irankiuzona.lt\/product\/dinamometrinis-raktas-su-keiciamomis-verzliarakciu-galvomis-40-210nm\/"},"modified":"2026-04-19T19:16:19","modified_gmt":"2026-04-19T19:16:19","slug":"dinamometrinis-raktas-su-keiciamomis-verzliarakciu-galvomis-40-210nm","status":"publish","type":"product","link":"https:\/\/irankiuzona.lt\/ru\/product\/dinamometrinis-raktas-su-keiciamomis-verzliarakciu-galvomis-40-210nm\/","title":{"rendered":"DINAMOMETRINIS RAKTAS SU KEI\u010cIAMOMIS VER\u017dLIARAK\u010cI\u0172 GALVOMIS 40-210NM"},"content":{"rendered":"<p>Dinamometrinis raktas su kei\u010diamomis ver\u017eliarak\u010di\u0173 galvomis<br \/>\nKei\u010diamos ver\u017eliarak\u010di\u0173 galvos &#8211; 13, 14, 15, 17, 19, 22, 24, 27, 30 mmTikslumas &#8211; +\/- 4%<\/p>","protected":false},"excerpt":{"rendered":"<p>DINAMOMETRINIS RAKTAS SU KEI\u010cIAMOMIS VER\u017dLIARAK\u010cI\u0172 GALVOMIS 40-210NM<\/p>","protected":false},"featured_media":265765,"comment_status":"open","ping_status":"closed","template":"","meta":[],"product_cat":[9524],"product_tag":[10130],"class_list":{"0":"post-265763","1":"product","2":"type-product","3":"status-publish","4":"has-post-thumbnail","6":"product_brand-satra-lenkija","7":"product_cat-dinamometriniai-raktai","8":"product_tag-satra-lenkija","10":"first","11":"outofstock","12":"purchasable","13":"product-type-simple"},"jetpack_sharing_enabled":true,"_links":{"self":[{"href":"https:\/\/irankiuzona.lt\/ru\/wp-json\/wp\/v2\/product\/265763","targetHints":{"allow":["GET"]}}],"collection":[{"href":"https:\/\/irankiuzona.lt\/ru\/wp-json\/wp\/v2\/product"}],"about":[{"href":"https:\/\/irankiuzona.lt\/ru\/wp-json\/wp\/v2\/types\/product"}],"replies":[{"embeddable":true,"href":"https:\/\/irankiuzona.lt\/ru\/wp-json\/wp\/v2\/comments?post=265763"}],"version-history":[{"count":1,"href":"https:\/\/irankiuzona.lt\/ru\/wp-json\/wp\/v2\/product\/265763\/revisions"}],"predecessor-version":[{"id":423712,"href":"https:\/\/irankiuzona.lt\/ru\/wp-json\/wp\/v2\/product\/265763\/revisions\/423712"}],"wp:featuredmedia":[{"embeddable":true,"href":"https:\/\/irankiuzona.lt\/ru\/wp-json\/wp\/v2\/media\/265765"}],"wp:attachment":[{"href":"https:\/\/irankiuzona.lt\/ru\/wp-json\/wp\/v2\/media?parent=265763"}],"wp:term":[{"taxonomy":"product_cat","embeddable":true,"href":"https:\/\/irankiuzona.lt\/ru\/wp-json\/wp\/v2\/product_cat?post=265763"},{"taxonomy":"product_tag","embeddable":true,"href":"https:\/\/irankiuzona.lt\/ru\/wp-json\/wp\/v2\/product_tag?post=265763"}],"curies":[{"name":"wp","href":"https:\/\/api.w.org\/{rel}","templated":true}]}}