{"id":265775,"date":"2024-09-29T14:01:47","date_gmt":"2024-09-29T14:01:47","guid":{"rendered":"https:\/\/irankiuzona.lt\/product\/akumuliatoriaus-ikrovejas-agm-gel-12v-max-6a\/"},"modified":"2026-05-14T20:41:49","modified_gmt":"2026-05-14T20:41:49","slug":"akumuliatoriaus-ikrovejas-agm-gel-12v-max-6a","status":"publish","type":"product","link":"https:\/\/irankiuzona.lt\/ru\/product\/akumuliatoriaus-ikrovejas-agm-gel-12v-max-6a\/","title":{"rendered":"Akumuliatoriaus \u012fkrov\u0117jas AGM \/ GEL 12V max.6A"},"content":{"rendered":"<p>\u012ekrovimo re\u017eimas \u201eAGM \/ GEL \/SLA\u201c, motociklo re\u017eimas \u201eMOTORCYCLE\u201c ir akumuliatoriaus regeneravimo re\u017eimas.<br \/>\nTechniniai parametrai:<br \/>\n\u012ftampa: 12Vi\u0161\u0117jimo srov\u0117: DC max 6A\u012evesties \u012ftampa: AC 110-220V (50-60Hz)i\u0161\u0117jimo \u012ftampa: DC 13,8-15,5Vminimali \u012ftampa: 0,3Vbaterijos diapazonas: 4-100Ah\u0161ilumin\u0117 apsauga: 65\u00b0C +\/- 5\u00b0Cefektyvumas: 85%Au\u0161intuvasmatmenys: 150x82x62 mmsvoris: 400g<\/p>","protected":false},"excerpt":{"rendered":"<p>Akumuliatoriaus \u012fkrov\u0117jas AGM \/ GEL 12V max.6A<\/p>","protected":false},"featured_media":265777,"comment_status":"open","ping_status":"closed","template":"","meta":[],"product_cat":[9881],"product_tag":[10130],"class_list":{"0":"post-265775","1":"product","2":"type-product","3":"status-publish","4":"has-post-thumbnail","6":"product_brand-satra-lenkija","7":"product_cat-ikrovikliai-akumuliatoriams-akumuliatoriu-testeriai","8":"product_tag-satra-lenkija","10":"first","11":"instock","12":"purchasable","13":"product-type-simple"},"jetpack_sharing_enabled":true,"_links":{"self":[{"href":"https:\/\/irankiuzona.lt\/ru\/wp-json\/wp\/v2\/product\/265775","targetHints":{"allow":["GET"]}}],"collection":[{"href":"https:\/\/irankiuzona.lt\/ru\/wp-json\/wp\/v2\/product"}],"about":[{"href":"https:\/\/irankiuzona.lt\/ru\/wp-json\/wp\/v2\/types\/product"}],"replies":[{"embeddable":true,"href":"https:\/\/irankiuzona.lt\/ru\/wp-json\/wp\/v2\/comments?post=265775"}],"version-history":[{"count":1,"href":"https:\/\/irankiuzona.lt\/ru\/wp-json\/wp\/v2\/product\/265775\/revisions"}],"predecessor-version":[{"id":423716,"href":"https:\/\/irankiuzona.lt\/ru\/wp-json\/wp\/v2\/product\/265775\/revisions\/423716"}],"wp:featuredmedia":[{"embeddable":true,"href":"https:\/\/irankiuzona.lt\/ru\/wp-json\/wp\/v2\/media\/265777"}],"wp:attachment":[{"href":"https:\/\/irankiuzona.lt\/ru\/wp-json\/wp\/v2\/media?parent=265775"}],"wp:term":[{"taxonomy":"product_cat","embeddable":true,"href":"https:\/\/irankiuzona.lt\/ru\/wp-json\/wp\/v2\/product_cat?post=265775"},{"taxonomy":"product_tag","embeddable":true,"href":"https:\/\/irankiuzona.lt\/ru\/wp-json\/wp\/v2\/product_tag?post=265775"}],"curies":[{"name":"wp","href":"https:\/\/api.w.org\/{rel}","templated":true}]}}