{"id":265778,"date":"2024-09-29T14:01:47","date_gmt":"2024-09-29T14:01:47","guid":{"rendered":"https:\/\/irankiuzona.lt\/product\/vidiniu-guoliu-nuemejai-su-atbuliniu-plaktuku-5daliu\/"},"modified":"2026-04-17T14:19:55","modified_gmt":"2026-04-17T14:19:55","slug":"vidiniu-guoliu-nuemejai-su-atbuliniu-plaktuku-5daliu","status":"publish","type":"product","link":"https:\/\/irankiuzona.lt\/ru\/product\/vidiniu-guoliu-nuemejai-su-atbuliniu-plaktuku-5daliu\/","title":{"rendered":"Vidini\u0173 guoli\u0173 nuem\u0117jai su atbuliniu plaktuku 5dali\u0173"},"content":{"rendered":"<p>940G Plaktukas<br \/>\nAdapteriai:- nuo 10mm iki 14mm (nuo 3\/8&quot; iki 1\/2&quot;)- nio 15mm iki 19mm (nuo 9\/16&quot; iki 11\/16&quot;)- nuo 18mm iki 25mm (nuo 5\/8&quot; iki 1&quot;)- nuo 25mm iki 32mm (nuo 1&quot; iki\u00a0 1 1\/4&quot;)<\/p>","protected":false},"excerpt":{"rendered":"<p>Vidini\u0173 guoli\u0173 nuem\u0117jai su atbuliniu plaktuku 5dali\u0173<\/p>","protected":false},"featured_media":265780,"comment_status":"open","ping_status":"open","template":"","meta":[],"product_cat":[9533],"product_tag":[10130],"class_list":{"0":"post-265778","1":"product","2":"type-product","3":"status-publish","4":"has-post-thumbnail","6":"product_brand-satra-lenkija","7":"product_cat-vidiniu-guoliu-nuemejai-istraukejai","8":"product_tag-satra-lenkija","10":"first","11":"outofstock","12":"purchasable","13":"product-type-simple"},"jetpack_sharing_enabled":true,"_links":{"self":[{"href":"https:\/\/irankiuzona.lt\/ru\/wp-json\/wp\/v2\/product\/265778","targetHints":{"allow":["GET"]}}],"collection":[{"href":"https:\/\/irankiuzona.lt\/ru\/wp-json\/wp\/v2\/product"}],"about":[{"href":"https:\/\/irankiuzona.lt\/ru\/wp-json\/wp\/v2\/types\/product"}],"replies":[{"embeddable":true,"href":"https:\/\/irankiuzona.lt\/ru\/wp-json\/wp\/v2\/comments?post=265778"}],"version-history":[{"count":1,"href":"https:\/\/irankiuzona.lt\/ru\/wp-json\/wp\/v2\/product\/265778\/revisions"}],"predecessor-version":[{"id":423717,"href":"https:\/\/irankiuzona.lt\/ru\/wp-json\/wp\/v2\/product\/265778\/revisions\/423717"}],"wp:featuredmedia":[{"embeddable":true,"href":"https:\/\/irankiuzona.lt\/ru\/wp-json\/wp\/v2\/media\/265780"}],"wp:attachment":[{"href":"https:\/\/irankiuzona.lt\/ru\/wp-json\/wp\/v2\/media?parent=265778"}],"wp:term":[{"taxonomy":"product_cat","embeddable":true,"href":"https:\/\/irankiuzona.lt\/ru\/wp-json\/wp\/v2\/product_cat?post=265778"},{"taxonomy":"product_tag","embeddable":true,"href":"https:\/\/irankiuzona.lt\/ru\/wp-json\/wp\/v2\/product_tag?post=265778"}],"curies":[{"name":"wp","href":"https:\/\/api.w.org\/{rel}","templated":true}]}}