{"id":265787,"date":"2024-09-29T14:01:47","date_gmt":"2024-09-29T14:01:47","guid":{"rendered":"https:\/\/irankiuzona.lt\/product\/verzliasukis-1-2-satra-1500nm\/"},"modified":"2026-05-16T15:30:22","modified_gmt":"2026-05-16T15:30:22","slug":"verzliasukis-1-2-satra-1500nm","status":"publish","type":"product","link":"https:\/\/irankiuzona.lt\/ru\/product\/verzliasukis-1-2-satra-1500nm\/","title":{"rendered":"Ver\u017eliasukis 1\/2 SATRA 1500Nm"},"content":{"rendered":"<p>3 pakop\u0173 galios reguliavimas sukimui \u012f de\u0161in\u0119 (u\u017ever\u017eimui) ir 1 pakopos galios reguliavimas sukimui \u012f kair\u0119 (atsukimui)Gerai subalansuotas svorio centras u\u017etikrina darbo komfort\u0105Kompozitinis-aliuminio korpusasRaktas tinkamas i\u0161montavimo\/surinkimo darbams<\/p>","protected":false},"excerpt":{"rendered":"<p>Ver\u017eliasukis 1\/2 SATRA 1500Nm<\/p>","protected":false},"featured_media":265789,"comment_status":"open","ping_status":"closed","template":"","meta":[],"product_cat":[9667],"product_tag":[10130],"class_list":{"0":"post-265787","1":"product","2":"type-product","3":"status-publish","4":"has-post-thumbnail","6":"product_brand-satra-lenkija","7":"product_cat-pneumatiniai-verzliasukiai","8":"product_tag-satra-lenkija","10":"first","11":"instock","12":"purchasable","13":"product-type-simple"},"jetpack_sharing_enabled":true,"_links":{"self":[{"href":"https:\/\/irankiuzona.lt\/ru\/wp-json\/wp\/v2\/product\/265787","targetHints":{"allow":["GET"]}}],"collection":[{"href":"https:\/\/irankiuzona.lt\/ru\/wp-json\/wp\/v2\/product"}],"about":[{"href":"https:\/\/irankiuzona.lt\/ru\/wp-json\/wp\/v2\/types\/product"}],"replies":[{"embeddable":true,"href":"https:\/\/irankiuzona.lt\/ru\/wp-json\/wp\/v2\/comments?post=265787"}],"version-history":[{"count":1,"href":"https:\/\/irankiuzona.lt\/ru\/wp-json\/wp\/v2\/product\/265787\/revisions"}],"predecessor-version":[{"id":423720,"href":"https:\/\/irankiuzona.lt\/ru\/wp-json\/wp\/v2\/product\/265787\/revisions\/423720"}],"wp:featuredmedia":[{"embeddable":true,"href":"https:\/\/irankiuzona.lt\/ru\/wp-json\/wp\/v2\/media\/265789"}],"wp:attachment":[{"href":"https:\/\/irankiuzona.lt\/ru\/wp-json\/wp\/v2\/media?parent=265787"}],"wp:term":[{"taxonomy":"product_cat","embeddable":true,"href":"https:\/\/irankiuzona.lt\/ru\/wp-json\/wp\/v2\/product_cat?post=265787"},{"taxonomy":"product_tag","embeddable":true,"href":"https:\/\/irankiuzona.lt\/ru\/wp-json\/wp\/v2\/product_tag?post=265787"}],"curies":[{"name":"wp","href":"https:\/\/api.w.org\/{rel}","templated":true}]}}