{"id":265817,"date":"2024-09-29T14:01:49","date_gmt":"2024-09-29T14:01:49","guid":{"rendered":"https:\/\/irankiuzona.lt\/product\/irankiai-common-rail-purkstukams-8-daliu\/"},"modified":"2026-04-11T12:00:37","modified_gmt":"2026-04-11T12:00:37","slug":"irankiai-common-rail-purkstukams-8-daliu","status":"publish","type":"product","link":"https:\/\/irankiuzona.lt\/ru\/product\/irankiai-common-rail-purkstukams-8-daliu\/","title":{"rendered":"\u012erankiai Common Rail purk\u0161tukams 8 dali\u0173"},"content":{"rendered":"<p>10 mm antgalis su \u00d8 6,6 mm skyle (1\/2 colio pavara arba 21 mm \u0161e\u0161iakampis)10 mm antgalis su \u00d8 7,6 mm skyle (1\/2 colio pavara arba 21 mm \u0161e\u0161iakampis)8 ta\u0161k\u0173 lizdas Bosch purk\u0161tukams (1\/2 colio pavara)lizdas su trimis kai\u0161\u010diais Denso purk\u0161tuk\u0173 vidin\u0117ms vo\u017etuv\u0173 lizdams (6 ta\u0161k\u0173 pavara 17 mm)keturi\u0173 dant\u0173 lizdas vidinei Siemens purk\u0161tuk\u0173 ver\u017elei (1\/2 colio pavara)\u012frankiai injektoriaus rutuliniams vo\u017etuvams u\u017edengti, \u012fsk. vidurinis adapteris (2+1 vnt.)<\/p>","protected":false},"excerpt":{"rendered":"<p>\u012erankiai Common Rail purk\u0161tukams 8 dali\u0173<\/p>","protected":false},"featured_media":265819,"comment_status":"open","ping_status":"open","template":"","meta":[],"product_cat":[9633],"product_tag":[10130],"class_list":{"0":"post-265817","1":"product","2":"type-product","3":"status-publish","4":"has-post-thumbnail","6":"product_brand-satra-lenkija","7":"product_cat-galvutes-purkstukams","8":"product_tag-satra-lenkija","10":"first","11":"instock","12":"purchasable","13":"product-type-simple"},"jetpack_sharing_enabled":true,"_links":{"self":[{"href":"https:\/\/irankiuzona.lt\/ru\/wp-json\/wp\/v2\/product\/265817","targetHints":{"allow":["GET"]}}],"collection":[{"href":"https:\/\/irankiuzona.lt\/ru\/wp-json\/wp\/v2\/product"}],"about":[{"href":"https:\/\/irankiuzona.lt\/ru\/wp-json\/wp\/v2\/types\/product"}],"replies":[{"embeddable":true,"href":"https:\/\/irankiuzona.lt\/ru\/wp-json\/wp\/v2\/comments?post=265817"}],"version-history":[{"count":1,"href":"https:\/\/irankiuzona.lt\/ru\/wp-json\/wp\/v2\/product\/265817\/revisions"}],"predecessor-version":[{"id":423730,"href":"https:\/\/irankiuzona.lt\/ru\/wp-json\/wp\/v2\/product\/265817\/revisions\/423730"}],"wp:featuredmedia":[{"embeddable":true,"href":"https:\/\/irankiuzona.lt\/ru\/wp-json\/wp\/v2\/media\/265819"}],"wp:attachment":[{"href":"https:\/\/irankiuzona.lt\/ru\/wp-json\/wp\/v2\/media?parent=265817"}],"wp:term":[{"taxonomy":"product_cat","embeddable":true,"href":"https:\/\/irankiuzona.lt\/ru\/wp-json\/wp\/v2\/product_cat?post=265817"},{"taxonomy":"product_tag","embeddable":true,"href":"https:\/\/irankiuzona.lt\/ru\/wp-json\/wp\/v2\/product_tag?post=265817"}],"curies":[{"name":"wp","href":"https:\/\/api.w.org\/{rel}","templated":true}]}}