{"id":265872,"date":"2024-09-29T14:01:53","date_gmt":"2024-09-29T14:01:53","guid":{"rendered":"https:\/\/irankiuzona.lt\/product\/hogert-apsaugines-darbo-pirstines-11-dydzio-pilka-juoda\/"},"modified":"2026-04-15T09:54:12","modified_gmt":"2026-04-15T09:54:12","slug":"hogert-apsaugines-darbo-pirstines-11-dydzio-pilka-juoda","status":"publish","type":"product","link":"https:\/\/irankiuzona.lt\/ru\/product\/hogert-apsaugines-darbo-pirstines-11-dydzio-pilka-juoda\/","title":{"rendered":"HOGERT apsaugin\u0117s darbo pir\u0161tin\u0117s 11 dyd\u017eio pilka\/juoda"},"content":{"rendered":"<p>Dydis 11<\/p>","protected":false},"excerpt":{"rendered":"<p>HOGERT apsaugin\u0117s darbo pir\u0161tin\u0117s 11 dyd\u017eio pilka\/juoda<\/p>","protected":false},"featured_media":265874,"comment_status":"open","ping_status":"open","template":"","meta":[],"product_cat":[9990],"product_tag":[9969],"class_list":{"0":"post-265872","1":"product","2":"type-product","3":"status-publish","4":"has-post-thumbnail","6":"product_brand-hogert-technik-vokietija","7":"product_cat-aplietos-darbo-pirstines","8":"product_tag-hogert-technik-vokietija","10":"first","11":"outofstock","12":"purchasable","13":"product-type-simple"},"jetpack_sharing_enabled":true,"_links":{"self":[{"href":"https:\/\/irankiuzona.lt\/ru\/wp-json\/wp\/v2\/product\/265872","targetHints":{"allow":["GET"]}}],"collection":[{"href":"https:\/\/irankiuzona.lt\/ru\/wp-json\/wp\/v2\/product"}],"about":[{"href":"https:\/\/irankiuzona.lt\/ru\/wp-json\/wp\/v2\/types\/product"}],"replies":[{"embeddable":true,"href":"https:\/\/irankiuzona.lt\/ru\/wp-json\/wp\/v2\/comments?post=265872"}],"version-history":[{"count":1,"href":"https:\/\/irankiuzona.lt\/ru\/wp-json\/wp\/v2\/product\/265872\/revisions"}],"predecessor-version":[{"id":423750,"href":"https:\/\/irankiuzona.lt\/ru\/wp-json\/wp\/v2\/product\/265872\/revisions\/423750"}],"wp:featuredmedia":[{"embeddable":true,"href":"https:\/\/irankiuzona.lt\/ru\/wp-json\/wp\/v2\/media\/265874"}],"wp:attachment":[{"href":"https:\/\/irankiuzona.lt\/ru\/wp-json\/wp\/v2\/media?parent=265872"}],"wp:term":[{"taxonomy":"product_cat","embeddable":true,"href":"https:\/\/irankiuzona.lt\/ru\/wp-json\/wp\/v2\/product_cat?post=265872"},{"taxonomy":"product_tag","embeddable":true,"href":"https:\/\/irankiuzona.lt\/ru\/wp-json\/wp\/v2\/product_tag?post=265872"}],"curies":[{"name":"wp","href":"https:\/\/api.w.org\/{rel}","templated":true}]}}