{"id":265875,"date":"2024-09-29T14:01:53","date_gmt":"2024-09-29T14:01:53","guid":{"rendered":"https:\/\/irankiuzona.lt\/product\/hogert-apsaugines-pirstines-3-4-dengtos-nitrilu-9-dydis\/"},"modified":"2026-04-13T21:01:46","modified_gmt":"2026-04-13T21:01:46","slug":"hogert-apsaugines-pirstines-3-4-dengtos-nitrilu-9-dydis","status":"publish","type":"product","link":"https:\/\/irankiuzona.lt\/ru\/product\/hogert-apsaugines-pirstines-3-4-dengtos-nitrilu-9-dydis\/","title":{"rendered":"HOGERT apsaugin\u0117s pir\u0161tin\u0117s, 3\/4 dengtos nitrilu 9 dydis"},"content":{"rendered":"<p>Dydis 9<\/p>","protected":false},"excerpt":{"rendered":"<p>HOGERT apsaugin\u0117s pir\u0161tin\u0117s, 3\/4 dengtos nitrilu 9 dydis<\/p>","protected":false},"featured_media":265877,"comment_status":"open","ping_status":"open","template":"","meta":[],"product_cat":[9990],"product_tag":[9969],"class_list":{"0":"post-265875","1":"product","2":"type-product","3":"status-publish","4":"has-post-thumbnail","6":"product_brand-hogert-technik-vokietija","7":"product_cat-aplietos-darbo-pirstines","8":"product_tag-hogert-technik-vokietija","10":"first","11":"instock","12":"purchasable","13":"product-type-simple"},"jetpack_sharing_enabled":true,"_links":{"self":[{"href":"https:\/\/irankiuzona.lt\/ru\/wp-json\/wp\/v2\/product\/265875","targetHints":{"allow":["GET"]}}],"collection":[{"href":"https:\/\/irankiuzona.lt\/ru\/wp-json\/wp\/v2\/product"}],"about":[{"href":"https:\/\/irankiuzona.lt\/ru\/wp-json\/wp\/v2\/types\/product"}],"replies":[{"embeddable":true,"href":"https:\/\/irankiuzona.lt\/ru\/wp-json\/wp\/v2\/comments?post=265875"}],"version-history":[{"count":1,"href":"https:\/\/irankiuzona.lt\/ru\/wp-json\/wp\/v2\/product\/265875\/revisions"}],"predecessor-version":[{"id":423751,"href":"https:\/\/irankiuzona.lt\/ru\/wp-json\/wp\/v2\/product\/265875\/revisions\/423751"}],"wp:featuredmedia":[{"embeddable":true,"href":"https:\/\/irankiuzona.lt\/ru\/wp-json\/wp\/v2\/media\/265877"}],"wp:attachment":[{"href":"https:\/\/irankiuzona.lt\/ru\/wp-json\/wp\/v2\/media?parent=265875"}],"wp:term":[{"taxonomy":"product_cat","embeddable":true,"href":"https:\/\/irankiuzona.lt\/ru\/wp-json\/wp\/v2\/product_cat?post=265875"},{"taxonomy":"product_tag","embeddable":true,"href":"https:\/\/irankiuzona.lt\/ru\/wp-json\/wp\/v2\/product_tag?post=265875"}],"curies":[{"name":"wp","href":"https:\/\/api.w.org\/{rel}","templated":true}]}}