{"id":265934,"date":"2024-09-29T14:01:57","date_gmt":"2024-09-29T14:01:57","guid":{"rendered":"https:\/\/irankiuzona.lt\/product\/suktuvas-smuginis-akumuliatorinis-18v\/"},"modified":"2025-06-26T19:05:49","modified_gmt":"2025-06-26T19:05:49","slug":"suktuvas-smuginis-akumuliatorinis-18v","status":"publish","type":"product","link":"https:\/\/irankiuzona.lt\/ru\/product\/suktuvas-smuginis-akumuliatorinis-18v\/","title":{"rendered":"Suktuvas sm\u016bginis akumuliatorinis 18v"},"content":{"rendered":"<p>3 grei\u010diai su sukimo momento pasirinkimu leid\u017eia vartotojui geriau pritaikyti \u012frank\u012f\u00a0pagal poreik\u012fAutomatinio sustabdymo funkcija automati\u0161kai i\u0161jungia \u012frank\u012f, suma\u017eindama tikimyb\u0119, kad bus perve\u017eta ir sugadinsite med\u017eiagasSm\u016bgio greitis: 0-1200 \/ 0-2350 \/ 0-3300 IPM ir iki 150 p\u0117d\u0173-lb sukimo momento<br \/>\nMaksimali galia 203nmTvirtinimas 1\/4Svoris 1,28kg<\/p>","protected":false},"excerpt":{"rendered":"<p>Suktuvas sm\u016bginis akumuliatorinis 18v su dviem 5,0AH baterijom ir pakrov\u0117ju<\/p>","protected":false},"featured_media":265936,"comment_status":"open","ping_status":"open","template":"","meta":[],"product_cat":[10092],"product_tag":[9875],"class_list":{"0":"post-265934","1":"product","2":"type-product","3":"status-publish","4":"has-post-thumbnail","6":"product_brand-mighty-seven-m7","7":"product_cat-akumuliatoriniai-irankiai-su-keiciama-li-ion-baterija","8":"product_tag-mighty-seven-m7","10":"first","11":"instock","12":"purchasable","13":"product-type-simple"},"jetpack_sharing_enabled":true,"_links":{"self":[{"href":"https:\/\/irankiuzona.lt\/ru\/wp-json\/wp\/v2\/product\/265934","targetHints":{"allow":["GET"]}}],"collection":[{"href":"https:\/\/irankiuzona.lt\/ru\/wp-json\/wp\/v2\/product"}],"about":[{"href":"https:\/\/irankiuzona.lt\/ru\/wp-json\/wp\/v2\/types\/product"}],"replies":[{"embeddable":true,"href":"https:\/\/irankiuzona.lt\/ru\/wp-json\/wp\/v2\/comments?post=265934"}],"version-history":[{"count":0,"href":"https:\/\/irankiuzona.lt\/ru\/wp-json\/wp\/v2\/product\/265934\/revisions"}],"wp:featuredmedia":[{"embeddable":true,"href":"https:\/\/irankiuzona.lt\/ru\/wp-json\/wp\/v2\/media\/265936"}],"wp:attachment":[{"href":"https:\/\/irankiuzona.lt\/ru\/wp-json\/wp\/v2\/media?parent=265934"}],"wp:term":[{"taxonomy":"product_cat","embeddable":true,"href":"https:\/\/irankiuzona.lt\/ru\/wp-json\/wp\/v2\/product_cat?post=265934"},{"taxonomy":"product_tag","embeddable":true,"href":"https:\/\/irankiuzona.lt\/ru\/wp-json\/wp\/v2\/product_tag?post=265934"}],"curies":[{"name":"wp","href":"https:\/\/api.w.org\/{rel}","templated":true}]}}