{"id":265937,"date":"2024-09-29T14:01:57","date_gmt":"2024-09-29T14:01:57","guid":{"rendered":"https:\/\/irankiuzona.lt\/product\/tiesinis-pjuklas-akumuliatorinis-18v\/"},"modified":"2025-06-26T19:05:49","modified_gmt":"2025-06-26T19:05:49","slug":"tiesinis-pjuklas-akumuliatorinis-18v","status":"publish","type":"product","link":"https:\/\/irankiuzona.lt\/ru\/product\/tiesinis-pjuklas-akumuliatorinis-18v\/","title":{"rendered":"Tiesinis pj\u016bklas akumuliatorinis 18V"},"content":{"rendered":"<p>A\u0161mens eiga: 1-1\/8&quot; (29 mm)LED darbinis \u017eibintas su i\u0161ankstiniu ap\u0161vietimu ir \u0161vyt\u0117jimuElektrinis stabdys greitai sustabdo a\u0161men\u0173 sukim\u0105si atleidus gaiduk\u0105K\u016bgin\u0117s pavaros pavaros sistemaA\u0161men\u0173 keitimas be \u012franki\u0173<br \/>\nIlgis 410mmGalima pjauti metala iki 16mmGalima pjauti mediena iki 200mmSvoris 2,7kg<\/p>","protected":false},"excerpt":{"rendered":"<p>Tiesinis pj\u016bklas akumuliatorinis, du akumuliatoriai 5AH +pakrov\u0117jas<\/p>","protected":false},"featured_media":265939,"comment_status":"open","ping_status":"open","template":"","meta":[],"product_cat":[10092],"product_tag":[9875],"class_list":{"0":"post-265937","1":"product","2":"type-product","3":"status-publish","4":"has-post-thumbnail","6":"product_brand-mighty-seven-m7","7":"product_cat-akumuliatoriniai-irankiai-su-keiciama-li-ion-baterija","8":"product_tag-mighty-seven-m7","10":"first","11":"instock","12":"purchasable","13":"product-type-simple"},"jetpack_sharing_enabled":true,"_links":{"self":[{"href":"https:\/\/irankiuzona.lt\/ru\/wp-json\/wp\/v2\/product\/265937","targetHints":{"allow":["GET"]}}],"collection":[{"href":"https:\/\/irankiuzona.lt\/ru\/wp-json\/wp\/v2\/product"}],"about":[{"href":"https:\/\/irankiuzona.lt\/ru\/wp-json\/wp\/v2\/types\/product"}],"replies":[{"embeddable":true,"href":"https:\/\/irankiuzona.lt\/ru\/wp-json\/wp\/v2\/comments?post=265937"}],"version-history":[{"count":0,"href":"https:\/\/irankiuzona.lt\/ru\/wp-json\/wp\/v2\/product\/265937\/revisions"}],"wp:featuredmedia":[{"embeddable":true,"href":"https:\/\/irankiuzona.lt\/ru\/wp-json\/wp\/v2\/media\/265939"}],"wp:attachment":[{"href":"https:\/\/irankiuzona.lt\/ru\/wp-json\/wp\/v2\/media?parent=265937"}],"wp:term":[{"taxonomy":"product_cat","embeddable":true,"href":"https:\/\/irankiuzona.lt\/ru\/wp-json\/wp\/v2\/product_cat?post=265937"},{"taxonomy":"product_tag","embeddable":true,"href":"https:\/\/irankiuzona.lt\/ru\/wp-json\/wp\/v2\/product_tag?post=265937"}],"curies":[{"name":"wp","href":"https:\/\/api.w.org\/{rel}","templated":true}]}}