{"id":265946,"date":"2024-09-29T14:01:58","date_gmt":"2024-09-29T14:01:58","guid":{"rendered":"https:\/\/irankiuzona.lt\/product\/greztuvas-smuginis-akumuliatorinis-18v\/"},"modified":"2025-06-26T19:05:50","modified_gmt":"2025-06-26T19:05:50","slug":"greztuvas-smuginis-akumuliatorinis-18v","status":"publish","type":"product","link":"https:\/\/irankiuzona.lt\/ru\/product\/greztuvas-smuginis-akumuliatorinis-18v\/","title":{"rendered":"Gr\u0119\u017etuvas sm\u016bginis akumuliatorinis 18V"},"content":{"rendered":"<p>2 grei\u010di\u0173 metalin\u0117 pavar\u0173 d\u0117\u017e\u0117 veikia esant 0-550\/0-2000 RPM, 0-8000\/0-32 000 IPM ir iki 800 lbs sukimo momentoImpulsin\u0117 funkcija idealiai tinka bandomajam gr\u0119\u017eimui ant blizgi\u0173 pavir\u0161i\u0173 ir pa\u0161alinant pa\u017eeistus var\u017etusPramon\u0117je pirmaujanti akumuliatoriaus valdymo sistema, skirta optimizuoti na\u0161um\u0105 ir apsaug\u0105 nuo perkrovos, kad akumuliatorius veikt\u0173 v\u0117siau, ilgesnis veikimo laikas ir ilgesnis akumuliatoriaus veikimo laikas1\/2&quot; beraktinis metalinis griebtuvas su viena rankov\u0117, kad b\u016bt\u0173 lengva pakeisti antgal\u012fIntegruota LED darbo lemput\u0117 padeda ap\u0161viesti darbo viet\u0105Elektrinis stabdys greitai sustabdo griebtuvo sukim\u0105si<br \/>\nGreitis LOW 0-500 HIGH 0-2000Sukimo momentas 90nmGriebtuvas 13mmSvoris 1,45kg<\/p>","protected":false},"excerpt":{"rendered":"<p>Gr\u0119\u017etuvas sm\u016bginis akumuliatorinis 18V su dviem 5,0Ah akumuliatoriais ir pakrov\u0117ju<\/p>","protected":false},"featured_media":265948,"comment_status":"open","ping_status":"open","template":"","meta":[],"product_cat":[10092],"product_tag":[9875],"class_list":{"0":"post-265946","1":"product","2":"type-product","3":"status-publish","4":"has-post-thumbnail","6":"product_brand-mighty-seven-m7","7":"product_cat-akumuliatoriniai-irankiai-su-keiciama-li-ion-baterija","8":"product_tag-mighty-seven-m7","10":"first","11":"instock","12":"purchasable","13":"product-type-simple"},"jetpack_sharing_enabled":true,"_links":{"self":[{"href":"https:\/\/irankiuzona.lt\/ru\/wp-json\/wp\/v2\/product\/265946","targetHints":{"allow":["GET"]}}],"collection":[{"href":"https:\/\/irankiuzona.lt\/ru\/wp-json\/wp\/v2\/product"}],"about":[{"href":"https:\/\/irankiuzona.lt\/ru\/wp-json\/wp\/v2\/types\/product"}],"replies":[{"embeddable":true,"href":"https:\/\/irankiuzona.lt\/ru\/wp-json\/wp\/v2\/comments?post=265946"}],"version-history":[{"count":0,"href":"https:\/\/irankiuzona.lt\/ru\/wp-json\/wp\/v2\/product\/265946\/revisions"}],"wp:featuredmedia":[{"embeddable":true,"href":"https:\/\/irankiuzona.lt\/ru\/wp-json\/wp\/v2\/media\/265948"}],"wp:attachment":[{"href":"https:\/\/irankiuzona.lt\/ru\/wp-json\/wp\/v2\/media?parent=265946"}],"wp:term":[{"taxonomy":"product_cat","embeddable":true,"href":"https:\/\/irankiuzona.lt\/ru\/wp-json\/wp\/v2\/product_cat?post=265946"},{"taxonomy":"product_tag","embeddable":true,"href":"https:\/\/irankiuzona.lt\/ru\/wp-json\/wp\/v2\/product_tag?post=265946"}],"curies":[{"name":"wp","href":"https:\/\/api.w.org\/{rel}","templated":true}]}}