{"id":266066,"date":"2024-09-29T14:02:08","date_gmt":"2024-09-29T14:02:08","guid":{"rendered":"https:\/\/irankiuzona.lt\/product\/varztu-issukeju-komplektas-su-graztais\/"},"modified":"2026-04-13T15:49:19","modified_gmt":"2026-04-13T15:49:19","slug":"varztu-issukeju-komplektas-su-graztais","status":"publish","type":"product","link":"https:\/\/irankiuzona.lt\/ru\/product\/varztu-issukeju-komplektas-su-graztais\/","title":{"rendered":"Var\u017et\u0173 i\u0161suk\u0117j\u0173 komplektas su gr\u0105\u017etais"},"content":{"rendered":"<p>HSS-4241Komplekt\u0105 sudaro 5 skirting\u0173 dyd\u017ei\u0173 gr\u0105\u017etai ir i\u0161suk\u0117jai: 2mm (5\/64\u2033), 2,8mm (7\/64\u2033), 4mm (5\/32\u2033), 6,4mm (1\/4\u2033), 7,5mm (19\/64\u2033)<\/p>","protected":false},"excerpt":{"rendered":"<p>L\u016b\u017eusi\u0173 var\u017et\u0173 ir prasukt\u0173 ver\u017eli\u0173 i\u0161sukimo komplektas su gr\u0105\u017etais<\/p>","protected":false},"featured_media":266068,"comment_status":"open","ping_status":"open","template":"","meta":[],"product_cat":[9557],"product_tag":[10130],"class_list":{"0":"post-266066","1":"product","2":"type-product","3":"status-publish","4":"has-post-thumbnail","6":"product_brand-satra-lenkija","7":"product_cat-nulauztu-varztu-issukimo-irankiai","8":"product_tag-satra-lenkija","10":"first","11":"instock","12":"purchasable","13":"product-type-simple"},"jetpack_sharing_enabled":true,"_links":{"self":[{"href":"https:\/\/irankiuzona.lt\/ru\/wp-json\/wp\/v2\/product\/266066","targetHints":{"allow":["GET"]}}],"collection":[{"href":"https:\/\/irankiuzona.lt\/ru\/wp-json\/wp\/v2\/product"}],"about":[{"href":"https:\/\/irankiuzona.lt\/ru\/wp-json\/wp\/v2\/types\/product"}],"replies":[{"embeddable":true,"href":"https:\/\/irankiuzona.lt\/ru\/wp-json\/wp\/v2\/comments?post=266066"}],"version-history":[{"count":1,"href":"https:\/\/irankiuzona.lt\/ru\/wp-json\/wp\/v2\/product\/266066\/revisions"}],"predecessor-version":[{"id":423809,"href":"https:\/\/irankiuzona.lt\/ru\/wp-json\/wp\/v2\/product\/266066\/revisions\/423809"}],"wp:featuredmedia":[{"embeddable":true,"href":"https:\/\/irankiuzona.lt\/ru\/wp-json\/wp\/v2\/media\/266068"}],"wp:attachment":[{"href":"https:\/\/irankiuzona.lt\/ru\/wp-json\/wp\/v2\/media?parent=266066"}],"wp:term":[{"taxonomy":"product_cat","embeddable":true,"href":"https:\/\/irankiuzona.lt\/ru\/wp-json\/wp\/v2\/product_cat?post=266066"},{"taxonomy":"product_tag","embeddable":true,"href":"https:\/\/irankiuzona.lt\/ru\/wp-json\/wp\/v2\/product_tag?post=266066"}],"curies":[{"name":"wp","href":"https:\/\/api.w.org\/{rel}","templated":true}]}}