{"id":266150,"date":"2024-09-29T14:02:11","date_gmt":"2024-09-29T14:02:11","guid":{"rendered":"https:\/\/irankiuzona.lt\/product\/tuscias-irankiu-vezimelis-7-stalciu\/"},"modified":"2024-11-12T00:53:08","modified_gmt":"2024-11-12T00:53:08","slug":"tuscias-irankiu-vezimelis-7-stalciu","status":"publish","type":"product","link":"https:\/\/irankiuzona.lt\/ru\/product\/tuscias-irankiu-vezimelis-7-stalciu\/","title":{"rendered":"Tu\u0161\u010dias \u012franki\u0173 ve\u017eim\u0117lis 7 stal\u010di\u0173"},"content":{"rendered":"<p>Auk\u0161tis su ratukais 1010mmAuk\u0161tis 837mmPlotis 663mmGylis 463mm<br \/>\nGuminiai ratukai 100mm diametro.Stal\u010di\u0173 viduje neslystantys kilim\u0117liai<\/p>","protected":false},"excerpt":{"rendered":"<p>\u012eranki\u0173 ve\u017eim\u0117lis 7 stal\u010di\u0173 (be \u012franki\u0173) PRO<\/p>","protected":false},"featured_media":266152,"comment_status":"open","ping_status":"open","template":"","meta":[],"product_cat":[9943],"product_tag":[9898],"class_list":{"0":"post-266150","1":"product","2":"type-product","3":"status-publish","4":"has-post-thumbnail","6":"product_brand-avtodelo","7":"product_cat-vezimeliai-irankiu-spintos","8":"product_tag-avtodelo","10":"first","11":"outofstock","12":"purchasable","13":"product-type-simple"},"jetpack_sharing_enabled":true,"_links":{"self":[{"href":"https:\/\/irankiuzona.lt\/ru\/wp-json\/wp\/v2\/product\/266150","targetHints":{"allow":["GET"]}}],"collection":[{"href":"https:\/\/irankiuzona.lt\/ru\/wp-json\/wp\/v2\/product"}],"about":[{"href":"https:\/\/irankiuzona.lt\/ru\/wp-json\/wp\/v2\/types\/product"}],"replies":[{"embeddable":true,"href":"https:\/\/irankiuzona.lt\/ru\/wp-json\/wp\/v2\/comments?post=266150"}],"version-history":[{"count":0,"href":"https:\/\/irankiuzona.lt\/ru\/wp-json\/wp\/v2\/product\/266150\/revisions"}],"wp:featuredmedia":[{"embeddable":true,"href":"https:\/\/irankiuzona.lt\/ru\/wp-json\/wp\/v2\/media\/266152"}],"wp:attachment":[{"href":"https:\/\/irankiuzona.lt\/ru\/wp-json\/wp\/v2\/media?parent=266150"}],"wp:term":[{"taxonomy":"product_cat","embeddable":true,"href":"https:\/\/irankiuzona.lt\/ru\/wp-json\/wp\/v2\/product_cat?post=266150"},{"taxonomy":"product_tag","embeddable":true,"href":"https:\/\/irankiuzona.lt\/ru\/wp-json\/wp\/v2\/product_tag?post=266150"}],"curies":[{"name":"wp","href":"https:\/\/api.w.org\/{rel}","templated":true}]}}