{"id":266165,"date":"2024-09-29T14:02:12","date_gmt":"2024-09-29T14:02:12","guid":{"rendered":"https:\/\/irankiuzona.lt\/product\/dirzo-itempimo-irankis-5vnt\/"},"modified":"2026-05-09T23:40:07","modified_gmt":"2026-05-09T23:40:07","slug":"dirzo-itempimo-irankis-5vnt","status":"publish","type":"product","link":"https:\/\/irankiuzona.lt\/ru\/product\/dirzo-itempimo-irankis-5vnt\/","title":{"rendered":"Dir\u017eo \u012ftempimo \u012frankis 5vnt."},"content":{"rendered":"","protected":false},"excerpt":{"rendered":"","protected":false},"featured_media":266167,"comment_status":"open","ping_status":"open","template":"","meta":[],"product_cat":[9976],"product_tag":[10131],"class_list":{"0":"post-266165","1":"product","2":"type-product","3":"status-publish","4":"has-post-thumbnail","6":"product_brand-asta-lenkija","7":"product_cat-katalogas","8":"product_tag-asta-lenkija","10":"first","11":"instock","12":"purchasable","13":"product-type-simple"},"jetpack_sharing_enabled":true,"_links":{"self":[{"href":"https:\/\/irankiuzona.lt\/ru\/wp-json\/wp\/v2\/product\/266165","targetHints":{"allow":["GET"]}}],"collection":[{"href":"https:\/\/irankiuzona.lt\/ru\/wp-json\/wp\/v2\/product"}],"about":[{"href":"https:\/\/irankiuzona.lt\/ru\/wp-json\/wp\/v2\/types\/product"}],"replies":[{"embeddable":true,"href":"https:\/\/irankiuzona.lt\/ru\/wp-json\/wp\/v2\/comments?post=266165"}],"version-history":[{"count":1,"href":"https:\/\/irankiuzona.lt\/ru\/wp-json\/wp\/v2\/product\/266165\/revisions"}],"predecessor-version":[{"id":423840,"href":"https:\/\/irankiuzona.lt\/ru\/wp-json\/wp\/v2\/product\/266165\/revisions\/423840"}],"wp:featuredmedia":[{"embeddable":true,"href":"https:\/\/irankiuzona.lt\/ru\/wp-json\/wp\/v2\/media\/266167"}],"wp:attachment":[{"href":"https:\/\/irankiuzona.lt\/ru\/wp-json\/wp\/v2\/media?parent=266165"}],"wp:term":[{"taxonomy":"product_cat","embeddable":true,"href":"https:\/\/irankiuzona.lt\/ru\/wp-json\/wp\/v2\/product_cat?post=266165"},{"taxonomy":"product_tag","embeddable":true,"href":"https:\/\/irankiuzona.lt\/ru\/wp-json\/wp\/v2\/product_tag?post=266165"}],"curies":[{"name":"wp","href":"https:\/\/api.w.org\/{rel}","templated":true}]}}