{"id":266255,"date":"2024-09-29T14:02:18","date_gmt":"2024-09-29T14:02:18","guid":{"rendered":"https:\/\/irankiuzona.lt\/product\/tepalo-surinkimo-bakas-65l-su-issiurbimu-ir-skaidria-talpa\/"},"modified":"2026-04-16T11:01:57","modified_gmt":"2026-04-16T11:01:57","slug":"tepalo-surinkimo-bakas-65l-su-issiurbimu-ir-skaidria-talpa","status":"publish","type":"product","link":"https:\/\/irankiuzona.lt\/ru\/product\/tepalo-surinkimo-bakas-65l-su-issiurbimu-ir-skaidria-talpa\/","title":{"rendered":"Tepalo surinkimo bakas 65l su i\u0161siurbimu ir skaidria talpa"},"content":{"rendered":"<p>Bako talpa &#8211; 65 lSkaidraus bako talpa &#8211; 10 lDarbinis sl\u0117gis &#8211; 6-8 baraiNutek\u0117jimo sl\u0117gis &#8211; 0,8 baro6 zondai, i\u0161siurbimo vamzdeliai (2 metaliniai, 4 lankst\u016bs)Pneumatinis maitinimo \u0161altinis<\/p>","protected":false},"excerpt":{"rendered":"<p>Tepalo surinkimo talpa 65l ant ratuk\u0173, su skaidria talpa ir i\u0161siurbimo galimybe su vamzdeliais<\/p>","protected":false},"featured_media":266257,"comment_status":"open","ping_status":"open","template":"","meta":[],"product_cat":[10031],"product_tag":[10151],"class_list":{"0":"post-266255","1":"product","2":"type-product","3":"status-publish","4":"has-post-thumbnail","6":"product_brand-lenkija-tiekejas","7":"product_cat-tepalo-uzpildymo-surinkimo-iranga-talpos-tepalams","8":"product_tag-lenkija-tiekejas","10":"first","11":"outofstock","12":"purchasable","13":"product-type-simple"},"jetpack_sharing_enabled":true,"_links":{"self":[{"href":"https:\/\/irankiuzona.lt\/ru\/wp-json\/wp\/v2\/product\/266255","targetHints":{"allow":["GET"]}}],"collection":[{"href":"https:\/\/irankiuzona.lt\/ru\/wp-json\/wp\/v2\/product"}],"about":[{"href":"https:\/\/irankiuzona.lt\/ru\/wp-json\/wp\/v2\/types\/product"}],"replies":[{"embeddable":true,"href":"https:\/\/irankiuzona.lt\/ru\/wp-json\/wp\/v2\/comments?post=266255"}],"version-history":[{"count":1,"href":"https:\/\/irankiuzona.lt\/ru\/wp-json\/wp\/v2\/product\/266255\/revisions"}],"predecessor-version":[{"id":423870,"href":"https:\/\/irankiuzona.lt\/ru\/wp-json\/wp\/v2\/product\/266255\/revisions\/423870"}],"wp:featuredmedia":[{"embeddable":true,"href":"https:\/\/irankiuzona.lt\/ru\/wp-json\/wp\/v2\/media\/266257"}],"wp:attachment":[{"href":"https:\/\/irankiuzona.lt\/ru\/wp-json\/wp\/v2\/media?parent=266255"}],"wp:term":[{"taxonomy":"product_cat","embeddable":true,"href":"https:\/\/irankiuzona.lt\/ru\/wp-json\/wp\/v2\/product_cat?post=266255"},{"taxonomy":"product_tag","embeddable":true,"href":"https:\/\/irankiuzona.lt\/ru\/wp-json\/wp\/v2\/product_tag?post=266255"}],"curies":[{"name":"wp","href":"https:\/\/api.w.org\/{rel}","templated":true}]}}