{"id":266261,"date":"2024-09-29T14:02:18","date_gmt":"2024-09-29T14:02:18","guid":{"rendered":"https:\/\/irankiuzona.lt\/product\/briaunu-nuemejas-isorinis-1-4-3-19mm\/"},"modified":"2026-04-16T16:06:53","modified_gmt":"2026-04-16T16:06:53","slug":"briaunu-nuemejas-isorinis-1-4-3-19mm","status":"publish","type":"product","link":"https:\/\/irankiuzona.lt\/ru\/product\/briaunu-nuemejas-isorinis-1-4-3-19mm\/","title":{"rendered":"Briaun\u0173 nu\u0117m\u0117jas I\u0161orinis 1\/4 3-19mm"},"content":{"rendered":"<p>1\/4 3-19mm<\/p>","protected":false},"excerpt":{"rendered":"<p>Briaun\u0173 nu\u0117m\u0117jas I\u0161orinis 1\/4 3-19mm<\/p>","protected":false},"featured_media":266263,"comment_status":"open","ping_status":"open","template":"","meta":[],"product_cat":[9678],"product_tag":[9462],"class_list":{"0":"post-266261","1":"product","2":"type-product","3":"status-publish","4":"has-post-thumbnail","6":"product_brand-condor-werkzeug-vokietija","7":"product_cat-vamzdeliu-pjovimui","8":"product_tag-condor-werkzeug-vokietija","10":"first","11":"instock","12":"purchasable","13":"product-type-simple"},"jetpack_sharing_enabled":true,"_links":{"self":[{"href":"https:\/\/irankiuzona.lt\/ru\/wp-json\/wp\/v2\/product\/266261","targetHints":{"allow":["GET"]}}],"collection":[{"href":"https:\/\/irankiuzona.lt\/ru\/wp-json\/wp\/v2\/product"}],"about":[{"href":"https:\/\/irankiuzona.lt\/ru\/wp-json\/wp\/v2\/types\/product"}],"replies":[{"embeddable":true,"href":"https:\/\/irankiuzona.lt\/ru\/wp-json\/wp\/v2\/comments?post=266261"}],"version-history":[{"count":1,"href":"https:\/\/irankiuzona.lt\/ru\/wp-json\/wp\/v2\/product\/266261\/revisions"}],"predecessor-version":[{"id":423873,"href":"https:\/\/irankiuzona.lt\/ru\/wp-json\/wp\/v2\/product\/266261\/revisions\/423873"}],"wp:featuredmedia":[{"embeddable":true,"href":"https:\/\/irankiuzona.lt\/ru\/wp-json\/wp\/v2\/media\/266263"}],"wp:attachment":[{"href":"https:\/\/irankiuzona.lt\/ru\/wp-json\/wp\/v2\/media?parent=266261"}],"wp:term":[{"taxonomy":"product_cat","embeddable":true,"href":"https:\/\/irankiuzona.lt\/ru\/wp-json\/wp\/v2\/product_cat?post=266261"},{"taxonomy":"product_tag","embeddable":true,"href":"https:\/\/irankiuzona.lt\/ru\/wp-json\/wp\/v2\/product_tag?post=266261"}],"curies":[{"name":"wp","href":"https:\/\/api.w.org\/{rel}","templated":true}]}}