{"id":266279,"date":"2024-09-29T14:02:20","date_gmt":"2024-09-29T14:02:20","guid":{"rendered":"https:\/\/irankiuzona.lt\/product\/keltuvas-gipso-kartono-plokstems-138-335cm\/"},"modified":"2026-04-12T16:46:35","modified_gmt":"2026-04-12T16:46:35","slug":"keltuvas-gipso-kartono-plokstems-138-335cm","status":"publish","type":"product","link":"https:\/\/irankiuzona.lt\/ru\/product\/keltuvas-gipso-kartono-plokstems-138-335cm\/","title":{"rendered":"Keltuvas gipso kartono plok\u0161t\u0117ms 138-335cm"},"content":{"rendered":"<p>Minimalus auk\u0161tis: 138 cmMaksimalus k\u0117limo auk\u0161tis: 335 cmMaksimalus dydis: 121 x 335 cmRato skersmuo: 10 cmStabd\u017eiai: TaipBazini\u0173 rat\u0173 skai\u010dius: 3 su stabd\u017eiaisMaksimali keliamoji galia: 68 kgSvoris: 38 kg (neto)<\/p>","protected":false},"excerpt":{"rendered":"<p>Gipso kartono plok\u0161\u010di\u0173 keltuvas 138-335 cm<\/p>","protected":false},"featured_media":266281,"comment_status":"open","ping_status":"open","template":"","meta":[],"product_cat":[10121],"product_tag":[10151],"class_list":{"0":"post-266279","1":"product","2":"type-product","3":"status-publish","4":"has-post-thumbnail","6":"product_brand-lenkija-tiekejas","7":"product_cat-gipso-ploksciu-keltuvai","8":"product_tag-lenkija-tiekejas","10":"first","11":"outofstock","12":"purchasable","13":"product-type-simple"},"jetpack_sharing_enabled":true,"_links":{"self":[{"href":"https:\/\/irankiuzona.lt\/ru\/wp-json\/wp\/v2\/product\/266279","targetHints":{"allow":["GET"]}}],"collection":[{"href":"https:\/\/irankiuzona.lt\/ru\/wp-json\/wp\/v2\/product"}],"about":[{"href":"https:\/\/irankiuzona.lt\/ru\/wp-json\/wp\/v2\/types\/product"}],"replies":[{"embeddable":true,"href":"https:\/\/irankiuzona.lt\/ru\/wp-json\/wp\/v2\/comments?post=266279"}],"version-history":[{"count":1,"href":"https:\/\/irankiuzona.lt\/ru\/wp-json\/wp\/v2\/product\/266279\/revisions"}],"predecessor-version":[{"id":423879,"href":"https:\/\/irankiuzona.lt\/ru\/wp-json\/wp\/v2\/product\/266279\/revisions\/423879"}],"wp:featuredmedia":[{"embeddable":true,"href":"https:\/\/irankiuzona.lt\/ru\/wp-json\/wp\/v2\/media\/266281"}],"wp:attachment":[{"href":"https:\/\/irankiuzona.lt\/ru\/wp-json\/wp\/v2\/media?parent=266279"}],"wp:term":[{"taxonomy":"product_cat","embeddable":true,"href":"https:\/\/irankiuzona.lt\/ru\/wp-json\/wp\/v2\/product_cat?post=266279"},{"taxonomy":"product_tag","embeddable":true,"href":"https:\/\/irankiuzona.lt\/ru\/wp-json\/wp\/v2\/product_tag?post=266279"}],"curies":[{"name":"wp","href":"https:\/\/api.w.org\/{rel}","templated":true}]}}