{"id":266300,"date":"2024-09-29T14:02:21","date_gmt":"2024-09-29T14:02:21","guid":{"rendered":"https:\/\/irankiuzona.lt\/product\/pneumatinis-domkratas-35ton-140-400mm-ilga-rankena\/"},"modified":"2026-04-20T16:18:53","modified_gmt":"2026-04-20T16:18:53","slug":"pneumatinis-domkratas-35ton-140-400mm-ilga-rankena","status":"publish","type":"product","link":"https:\/\/irankiuzona.lt\/ru\/product\/pneumatinis-domkratas-35ton-140-400mm-ilga-rankena\/","title":{"rendered":"Pneumatinis domkratas 3,5ton 140-400mm ilga rankena"},"content":{"rendered":"<p>Maksimali keliamoji galia: 3500kg.Minimalus auk\u0161tis &#8211; 14 cm.Maksimalus k\u0117limo auk\u0161tis \u2013 40 cm.Darbinis sl\u0117gis nuo 5 iki 10 bar\u0173.<\/p>","protected":false},"excerpt":{"rendered":"<p>Pneumatinis domkratas 3 oro pagalvi\u0173 iki 3500kg apkrovos. K\u0117limo auk\u0161tis 140-400mm<\/p>","protected":false},"featured_media":266302,"comment_status":"open","ping_status":"closed","template":"","meta":[],"product_cat":[10056],"product_tag":[10151],"class_list":{"0":"post-266300","1":"product","2":"type-product","3":"status-publish","4":"has-post-thumbnail","6":"product_brand-lenkija-tiekejas","7":"product_cat-domkratai-su-oro-pagalvemis","8":"product_tag-lenkija-tiekejas","10":"first","11":"outofstock","12":"purchasable","13":"product-type-simple"},"jetpack_sharing_enabled":true,"_links":{"self":[{"href":"https:\/\/irankiuzona.lt\/ru\/wp-json\/wp\/v2\/product\/266300","targetHints":{"allow":["GET"]}}],"collection":[{"href":"https:\/\/irankiuzona.lt\/ru\/wp-json\/wp\/v2\/product"}],"about":[{"href":"https:\/\/irankiuzona.lt\/ru\/wp-json\/wp\/v2\/types\/product"}],"replies":[{"embeddable":true,"href":"https:\/\/irankiuzona.lt\/ru\/wp-json\/wp\/v2\/comments?post=266300"}],"version-history":[{"count":1,"href":"https:\/\/irankiuzona.lt\/ru\/wp-json\/wp\/v2\/product\/266300\/revisions"}],"predecessor-version":[{"id":423886,"href":"https:\/\/irankiuzona.lt\/ru\/wp-json\/wp\/v2\/product\/266300\/revisions\/423886"}],"wp:featuredmedia":[{"embeddable":true,"href":"https:\/\/irankiuzona.lt\/ru\/wp-json\/wp\/v2\/media\/266302"}],"wp:attachment":[{"href":"https:\/\/irankiuzona.lt\/ru\/wp-json\/wp\/v2\/media?parent=266300"}],"wp:term":[{"taxonomy":"product_cat","embeddable":true,"href":"https:\/\/irankiuzona.lt\/ru\/wp-json\/wp\/v2\/product_cat?post=266300"},{"taxonomy":"product_tag","embeddable":true,"href":"https:\/\/irankiuzona.lt\/ru\/wp-json\/wp\/v2\/product_tag?post=266300"}],"curies":[{"name":"wp","href":"https:\/\/api.w.org\/{rel}","templated":true}]}}