{"id":266444,"date":"2024-09-29T14:02:30","date_gmt":"2024-09-29T14:02:30","guid":{"rendered":"https:\/\/irankiuzona.lt\/product\/mobilus-reguliuojamas-teleskopinis-stalas-su-stalciumi\/"},"modified":"2026-04-11T10:57:49","modified_gmt":"2026-04-11T10:57:49","slug":"mobilus-reguliuojamas-teleskopinis-stalas-su-stalciumi","status":"publish","type":"product","link":"https:\/\/irankiuzona.lt\/ru\/product\/mobilus-reguliuojamas-teleskopinis-stalas-su-stalciumi\/","title":{"rendered":"Mobilus reguliuojamas teleskopinis stalas su stal\u010diumi"},"content":{"rendered":"<p>\u2022 Reguliuojamas auk\u0161tis (Min.\/maks. 930mm\/1260mm)\u2022 Stalas sukasi 360 laipsni\u0173, o pagrindas i\u0161lieka statinis.\u2022 Yra dviej\u0173 sekcij\u0173 stalas, vienas didelis pagrindiniam darbui ir ma\u017eesni priedams.\u2022 Guminis pad\u0117klas ant stalo padeda i\u0161vengti \u012frenginio ir ruo\u0161inio sugadinimo.\u2022 Tinka naudoti dirbant stovint arba s\u0117dint dirbtuv\u0117se ir sand\u0117liuose.\u2022 Stalo dydis (P x A): 740 x 510mm.\u2022 Apkrova: iki 90kg.<\/p>","protected":false},"excerpt":{"rendered":"<p>Darbastalis mobilus reguliuojamas, teleskopinis mechaniko darbo stalas su stal\u010diumi<\/p>","protected":false},"featured_media":266446,"comment_status":"open","ping_status":"open","template":"","meta":[],"product_cat":[10048],"product_tag":[9435],"class_list":{"0":"post-266444","1":"product","2":"type-product","3":"status-publish","4":"has-post-thumbnail","6":"product_brand-kinija","7":"product_cat-vezimeliai-su-ratukais-su-lentynomis","8":"product_tag-kinija","10":"first","11":"instock","12":"purchasable","13":"product-type-simple"},"jetpack_sharing_enabled":true,"_links":{"self":[{"href":"https:\/\/irankiuzona.lt\/ru\/wp-json\/wp\/v2\/product\/266444","targetHints":{"allow":["GET"]}}],"collection":[{"href":"https:\/\/irankiuzona.lt\/ru\/wp-json\/wp\/v2\/product"}],"about":[{"href":"https:\/\/irankiuzona.lt\/ru\/wp-json\/wp\/v2\/types\/product"}],"replies":[{"embeddable":true,"href":"https:\/\/irankiuzona.lt\/ru\/wp-json\/wp\/v2\/comments?post=266444"}],"version-history":[{"count":1,"href":"https:\/\/irankiuzona.lt\/ru\/wp-json\/wp\/v2\/product\/266444\/revisions"}],"predecessor-version":[{"id":423937,"href":"https:\/\/irankiuzona.lt\/ru\/wp-json\/wp\/v2\/product\/266444\/revisions\/423937"}],"wp:featuredmedia":[{"embeddable":true,"href":"https:\/\/irankiuzona.lt\/ru\/wp-json\/wp\/v2\/media\/266446"}],"wp:attachment":[{"href":"https:\/\/irankiuzona.lt\/ru\/wp-json\/wp\/v2\/media?parent=266444"}],"wp:term":[{"taxonomy":"product_cat","embeddable":true,"href":"https:\/\/irankiuzona.lt\/ru\/wp-json\/wp\/v2\/product_cat?post=266444"},{"taxonomy":"product_tag","embeddable":true,"href":"https:\/\/irankiuzona.lt\/ru\/wp-json\/wp\/v2\/product_tag?post=266444"}],"curies":[{"name":"wp","href":"https:\/\/api.w.org\/{rel}","templated":true}]}}