{"id":266491,"date":"2024-09-29T14:02:34","date_gmt":"2024-09-29T14:02:34","guid":{"rendered":"https:\/\/irankiuzona.lt\/product\/pirstines-suvirintojo-11-dydis-pro-welder-kevlar\/"},"modified":"2026-05-09T15:08:11","modified_gmt":"2026-05-09T15:08:11","slug":"pirstines-suvirintojo-11-dydis-pro-welder-kevlar","status":"publish","type":"product","link":"https:\/\/irankiuzona.lt\/ru\/product\/pirstines-suvirintojo-11-dydis-pro-welder-kevlar\/","title":{"rendered":"Pir\u0161tin\u0117s suvirintojo 11 dydis (PRO-WELDER KEVLAR)"},"content":{"rendered":"<p>Kokybi\u0161kos, itin storos ir ilgaam\u017e\u0117s verstos jau\u010dio odos suvirintoj\u0173 pir\u0161tin\u0117s darbui STEPO PRO-WELD KEVLAR su pamu\u0161alu Susi\u016btos kar\u0161\u010diui atspariomis Kevlar\u00ae si\u016bl\u0117mis Sustiprinta labiausiai pa\u017eeid\u017eiama vieta \u2013 sritis apie nyk\u0161t\u012f Atsparios mechaniniam poveikiui, kar\u0161\u010diui Pasi\u017eymi patvarumu ir ilgu tarnavimu Vir\u0161us: verstos jau\u010dio odos (zom\u0161os), su kar\u0161\u010diui ir \u0161al\u010diui atspariu pamu\u0161alu Delnas: verstos jau\u010dio odos (zom\u0161os), su kar\u0161\u010diui ir \u0161al\u010diui atspariu pamu\u0161alu Odos storis: 1,2 \u2013 1,4 mm Rankogalis: pailgintas Ilgis: 350 mm Dydis: 11 (XXL) Standartas: EN388 (4244), EN407 (413x4x) ir 12477 Type A, CE \u017eenklas<\/p>","protected":false},"excerpt":{"rendered":"<p>Pir\u0161tin\u0117s suvirinimo darbams 11 dyd\u017eio<\/p>","protected":false},"featured_media":266493,"comment_status":"open","ping_status":"open","template":"","meta":[],"product_cat":[10033],"product_tag":[],"class_list":{"0":"post-266491","1":"product","2":"type-product","3":"status-publish","4":"has-post-thumbnail","6":"product_cat-suvirinimo-pirstines","8":"first","9":"outofstock","10":"purchasable","11":"product-type-simple"},"jetpack_sharing_enabled":true,"_links":{"self":[{"href":"https:\/\/irankiuzona.lt\/ru\/wp-json\/wp\/v2\/product\/266491","targetHints":{"allow":["GET"]}}],"collection":[{"href":"https:\/\/irankiuzona.lt\/ru\/wp-json\/wp\/v2\/product"}],"about":[{"href":"https:\/\/irankiuzona.lt\/ru\/wp-json\/wp\/v2\/types\/product"}],"replies":[{"embeddable":true,"href":"https:\/\/irankiuzona.lt\/ru\/wp-json\/wp\/v2\/comments?post=266491"}],"version-history":[{"count":1,"href":"https:\/\/irankiuzona.lt\/ru\/wp-json\/wp\/v2\/product\/266491\/revisions"}],"predecessor-version":[{"id":423959,"href":"https:\/\/irankiuzona.lt\/ru\/wp-json\/wp\/v2\/product\/266491\/revisions\/423959"}],"wp:featuredmedia":[{"embeddable":true,"href":"https:\/\/irankiuzona.lt\/ru\/wp-json\/wp\/v2\/media\/266493"}],"wp:attachment":[{"href":"https:\/\/irankiuzona.lt\/ru\/wp-json\/wp\/v2\/media?parent=266491"}],"wp:term":[{"taxonomy":"product_cat","embeddable":true,"href":"https:\/\/irankiuzona.lt\/ru\/wp-json\/wp\/v2\/product_cat?post=266491"},{"taxonomy":"product_tag","embeddable":true,"href":"https:\/\/irankiuzona.lt\/ru\/wp-json\/wp\/v2\/product_tag?post=266491"}],"curies":[{"name":"wp","href":"https:\/\/api.w.org\/{rel}","templated":true}]}}