{"id":266506,"date":"2024-09-29T14:02:34","date_gmt":"2024-09-29T14:02:34","guid":{"rendered":"https:\/\/irankiuzona.lt\/product\/irankiu-vezimelis-7-stalciu-su-177-irankiais\/"},"modified":"2026-05-06T21:56:24","modified_gmt":"2026-05-06T21:56:24","slug":"irankiu-vezimelis-7-stalciu-su-177-irankiais","status":"publish","type":"product","link":"https:\/\/irankiuzona.lt\/ru\/product\/irankiu-vezimelis-7-stalciu-su-177-irankiais\/","title":{"rendered":"\u012eranki\u0173 ve\u017eim\u0117lis 7 stal\u010di\u0173 su 177 \u012frankiais"},"content":{"rendered":"<p>Ergonomi\u0161ka integruota rankenaCentrinis u\u017eraktas7 pilnai i\u0161traukiami skyriai su guoliais2 pasukami ir 2 fiksuoti ratukai 125 mm skersmens ratukaiMaksimali bendra apkrova 450kg\u012erankiai PE ind\u0117kluose<br \/>\nSpintel\u0117s matmenys:Auk\u0161tis &#8211; 985 mmPlotis &#8211; 766 mmGylis &#8211; 465 mmStal\u010diaus matmenys:Plotis &#8211; 545 mmGylis &#8211; 395 mmAuk\u0161tis:5 stal\u010diai &#8211; 60 mm2 stal\u010diai &#8211; 120 mm<\/p>","protected":false},"excerpt":{"rendered":"<p>\u012eranki\u0173 ve\u017eim\u0117lis\u00a07 stal\u010di\u0173 su 177 \u012frankiais<\/p>","protected":false},"featured_media":266508,"comment_status":"open","ping_status":"open","template":"","meta":[],"product_cat":[9943],"product_tag":[10087],"class_list":{"0":"post-266506","1":"product","2":"type-product","3":"status-publish","4":"has-post-thumbnail","6":"product_brand-verke","7":"product_cat-vezimeliai-irankiu-spintos","8":"product_tag-verke","10":"first","11":"outofstock","12":"purchasable","13":"product-type-simple"},"jetpack_sharing_enabled":true,"_links":{"self":[{"href":"https:\/\/irankiuzona.lt\/ru\/wp-json\/wp\/v2\/product\/266506","targetHints":{"allow":["GET"]}}],"collection":[{"href":"https:\/\/irankiuzona.lt\/ru\/wp-json\/wp\/v2\/product"}],"about":[{"href":"https:\/\/irankiuzona.lt\/ru\/wp-json\/wp\/v2\/types\/product"}],"replies":[{"embeddable":true,"href":"https:\/\/irankiuzona.lt\/ru\/wp-json\/wp\/v2\/comments?post=266506"}],"version-history":[{"count":1,"href":"https:\/\/irankiuzona.lt\/ru\/wp-json\/wp\/v2\/product\/266506\/revisions"}],"predecessor-version":[{"id":423964,"href":"https:\/\/irankiuzona.lt\/ru\/wp-json\/wp\/v2\/product\/266506\/revisions\/423964"}],"wp:featuredmedia":[{"embeddable":true,"href":"https:\/\/irankiuzona.lt\/ru\/wp-json\/wp\/v2\/media\/266508"}],"wp:attachment":[{"href":"https:\/\/irankiuzona.lt\/ru\/wp-json\/wp\/v2\/media?parent=266506"}],"wp:term":[{"taxonomy":"product_cat","embeddable":true,"href":"https:\/\/irankiuzona.lt\/ru\/wp-json\/wp\/v2\/product_cat?post=266506"},{"taxonomy":"product_tag","embeddable":true,"href":"https:\/\/irankiuzona.lt\/ru\/wp-json\/wp\/v2\/product_tag?post=266506"}],"curies":[{"name":"wp","href":"https:\/\/api.w.org\/{rel}","templated":true}]}}