{"id":266515,"date":"2024-09-29T14:02:35","date_gmt":"2024-09-29T14:02:35","guid":{"rendered":"https:\/\/irankiuzona.lt\/product\/smuginiu-ilgu-galvuciu-komplektas-1-2-6k-10-38-mm\/"},"modified":"2026-05-14T19:50:20","modified_gmt":"2026-05-14T19:50:20","slug":"smuginiu-ilgu-galvuciu-komplektas-1-2-6k-10-38-mm","status":"publish","type":"product","link":"https:\/\/irankiuzona.lt\/ru\/product\/smuginiu-ilgu-galvuciu-komplektas-1-2-6k-10-38-mm\/","title":{"rendered":"Sm\u016bgini\u0173 ilg\u0173 galvu\u010di\u0173 komplektas 1\/2&quot; 6k. (10-38 mm)"},"content":{"rendered":"<p>1\/2&quot; : 10, 11, 12, 13, 14, 15, 16, 17, 18, 19, 21, 22, 24, 27, 30, 32, 33, 34, 36, 38 mmCR-MO<\/p>","protected":false},"excerpt":{"rendered":"<p>Sm\u016bgini\u0173 ilg\u0173 galvu\u010di\u0173 komplektas 1\/2&quot; 6k. (10-38 mm)<\/p>","protected":false},"featured_media":266517,"comment_status":"open","ping_status":"open","template":"","meta":[],"product_cat":[9499],"product_tag":[10087],"class_list":{"0":"post-266515","1":"product","2":"type-product","3":"status-publish","4":"has-post-thumbnail","6":"product_brand-verke","7":"product_cat-smuginiu-galvuciu-komplektai","8":"product_tag-verke","10":"first","11":"instock","12":"purchasable","13":"product-type-simple"},"jetpack_sharing_enabled":true,"_links":{"self":[{"href":"https:\/\/irankiuzona.lt\/ru\/wp-json\/wp\/v2\/product\/266515","targetHints":{"allow":["GET"]}}],"collection":[{"href":"https:\/\/irankiuzona.lt\/ru\/wp-json\/wp\/v2\/product"}],"about":[{"href":"https:\/\/irankiuzona.lt\/ru\/wp-json\/wp\/v2\/types\/product"}],"replies":[{"embeddable":true,"href":"https:\/\/irankiuzona.lt\/ru\/wp-json\/wp\/v2\/comments?post=266515"}],"version-history":[{"count":1,"href":"https:\/\/irankiuzona.lt\/ru\/wp-json\/wp\/v2\/product\/266515\/revisions"}],"predecessor-version":[{"id":423967,"href":"https:\/\/irankiuzona.lt\/ru\/wp-json\/wp\/v2\/product\/266515\/revisions\/423967"}],"wp:featuredmedia":[{"embeddable":true,"href":"https:\/\/irankiuzona.lt\/ru\/wp-json\/wp\/v2\/media\/266517"}],"wp:attachment":[{"href":"https:\/\/irankiuzona.lt\/ru\/wp-json\/wp\/v2\/media?parent=266515"}],"wp:term":[{"taxonomy":"product_cat","embeddable":true,"href":"https:\/\/irankiuzona.lt\/ru\/wp-json\/wp\/v2\/product_cat?post=266515"},{"taxonomy":"product_tag","embeddable":true,"href":"https:\/\/irankiuzona.lt\/ru\/wp-json\/wp\/v2\/product_tag?post=266515"}],"curies":[{"name":"wp","href":"https:\/\/api.w.org\/{rel}","templated":true}]}}