{"id":266719,"date":"2024-09-29T14:02:48","date_gmt":"2024-09-29T14:02:48","guid":{"rendered":"https:\/\/irankiuzona.lt\/product\/reples-soninio-kandimo-znyples-190mm-beril\/"},"modified":"2026-04-04T15:41:50","modified_gmt":"2026-04-04T15:41:50","slug":"reples-soninio-kandimo-znyples-190mm-beril","status":"publish","type":"product","link":"https:\/\/irankiuzona.lt\/ru\/product\/reples-soninio-kandimo-znyples-190mm-beril\/","title":{"rendered":"Repl\u0117s \u0161oninio kandimo, \u017enypl\u0117s 190mm BERIL"},"content":{"rendered":"<p>190mm<\/p>","protected":false},"excerpt":{"rendered":"<p>Repl\u0117s \u0161oninio kandimo, \u017enypl\u0117s 190mm BERIL<\/p>","protected":false},"featured_media":266721,"comment_status":"open","ping_status":"open","template":"","meta":[],"product_cat":[9661],"product_tag":[10137],"class_list":{"0":"post-266719","1":"product","2":"type-product","3":"status-publish","4":"has-post-thumbnail","6":"product_brand-beril","7":"product_cat-reples-soninio-kandimo-znyples-trosui","8":"product_tag-beril","10":"first","11":"instock","12":"purchasable","13":"product-type-simple"},"jetpack_sharing_enabled":true,"_links":{"self":[{"href":"https:\/\/irankiuzona.lt\/ru\/wp-json\/wp\/v2\/product\/266719","targetHints":{"allow":["GET"]}}],"collection":[{"href":"https:\/\/irankiuzona.lt\/ru\/wp-json\/wp\/v2\/product"}],"about":[{"href":"https:\/\/irankiuzona.lt\/ru\/wp-json\/wp\/v2\/types\/product"}],"replies":[{"embeddable":true,"href":"https:\/\/irankiuzona.lt\/ru\/wp-json\/wp\/v2\/comments?post=266719"}],"version-history":[{"count":0,"href":"https:\/\/irankiuzona.lt\/ru\/wp-json\/wp\/v2\/product\/266719\/revisions"}],"wp:featuredmedia":[{"embeddable":true,"href":"https:\/\/irankiuzona.lt\/ru\/wp-json\/wp\/v2\/media\/266721"}],"wp:attachment":[{"href":"https:\/\/irankiuzona.lt\/ru\/wp-json\/wp\/v2\/media?parent=266719"}],"wp:term":[{"taxonomy":"product_cat","embeddable":true,"href":"https:\/\/irankiuzona.lt\/ru\/wp-json\/wp\/v2\/product_cat?post=266719"},{"taxonomy":"product_tag","embeddable":true,"href":"https:\/\/irankiuzona.lt\/ru\/wp-json\/wp\/v2\/product_tag?post=266719"}],"curies":[{"name":"wp","href":"https:\/\/api.w.org\/{rel}","templated":true}]}}