{"id":266785,"date":"2024-09-29T14:02:53","date_gmt":"2024-09-29T14:02:53","guid":{"rendered":"https:\/\/irankiuzona.lt\/product\/tiesi-terksle-1-2-90dantuku-siaura-galva\/"},"modified":"2026-05-10T01:15:15","modified_gmt":"2026-05-10T01:15:15","slug":"tiesi-terksle-1-2-90dantuku-siaura-galva","status":"publish","type":"product","link":"https:\/\/irankiuzona.lt\/ru\/product\/tiesi-terksle-1-2-90dantuku-siaura-galva\/","title":{"rendered":"Tiesi terk\u0161l\u0117 1\/2 90dantuk\u0173, siaura galva"},"content":{"rendered":"<p>Terk\u0161l\u0117 1\/2 90 dant\u0173<\/p>","protected":false},"excerpt":{"rendered":"<p>Tiesi 1\/2 terk\u0161l\u0117 su smulkiu, 90 dant\u0173 terk\u0161liniu mechanizmu su perjungimu, siaura galva<\/p>","protected":false},"featured_media":266787,"comment_status":"open","ping_status":"open","template":"","meta":[],"product_cat":[9507],"product_tag":[9778],"class_list":{"0":"post-266785","1":"product","2":"type-product","3":"status-publish","4":"has-post-thumbnail","6":"product_brand-triumf-professional-tools-slovakija","7":"product_cat-terksles-galvutems","8":"product_tag-triumf-professional-tools-slovakija","10":"first","11":"outofstock","12":"purchasable","13":"product-type-simple"},"jetpack_sharing_enabled":true,"_links":{"self":[{"href":"https:\/\/irankiuzona.lt\/ru\/wp-json\/wp\/v2\/product\/266785","targetHints":{"allow":["GET"]}}],"collection":[{"href":"https:\/\/irankiuzona.lt\/ru\/wp-json\/wp\/v2\/product"}],"about":[{"href":"https:\/\/irankiuzona.lt\/ru\/wp-json\/wp\/v2\/types\/product"}],"replies":[{"embeddable":true,"href":"https:\/\/irankiuzona.lt\/ru\/wp-json\/wp\/v2\/comments?post=266785"}],"version-history":[{"count":1,"href":"https:\/\/irankiuzona.lt\/ru\/wp-json\/wp\/v2\/product\/266785\/revisions"}],"predecessor-version":[{"id":424057,"href":"https:\/\/irankiuzona.lt\/ru\/wp-json\/wp\/v2\/product\/266785\/revisions\/424057"}],"wp:featuredmedia":[{"embeddable":true,"href":"https:\/\/irankiuzona.lt\/ru\/wp-json\/wp\/v2\/media\/266787"}],"wp:attachment":[{"href":"https:\/\/irankiuzona.lt\/ru\/wp-json\/wp\/v2\/media?parent=266785"}],"wp:term":[{"taxonomy":"product_cat","embeddable":true,"href":"https:\/\/irankiuzona.lt\/ru\/wp-json\/wp\/v2\/product_cat?post=266785"},{"taxonomy":"product_tag","embeddable":true,"href":"https:\/\/irankiuzona.lt\/ru\/wp-json\/wp\/v2\/product_tag?post=266785"}],"curies":[{"name":"wp","href":"https:\/\/api.w.org\/{rel}","templated":true}]}}