{"id":266788,"date":"2024-09-29T14:02:53","date_gmt":"2024-09-29T14:02:53","guid":{"rendered":"https:\/\/irankiuzona.lt\/product\/galvutes-3-8-karterio-varztams-tepalo-isleidimui\/"},"modified":"2026-03-27T17:39:56","modified_gmt":"2026-03-27T17:39:56","slug":"galvutes-3-8-karterio-varztams-tepalo-isleidimui","status":"publish","type":"product","link":"https:\/\/irankiuzona.lt\/ru\/product\/galvutes-3-8-karterio-varztams-tepalo-isleidimui\/","title":{"rendered":"Galvut\u0117s 3\/8 karterio var\u017etams, tepalo i\u0161leidimui"},"content":{"rendered":"<p>4-kampiai i\u0161oriniai: 8 &#8211; 11 &#8211; 12 &#8211; 13 &#8211; 14 mm &#8211; 5\/16\u201d &#8211; 3\/8\u201d &#8211; 1\/2\u201d6-kampiai i\u0161oriniai: 8 &#8211; 9 &#8211; 10 &#8211; 12 &#8211; 14 &#8211; 17 mm &#8211; 5\/16\u201d &#8211; 3\/8\u201d &#8211; 1\/2\u201d3-kampiai i\u0161oriniai, 10 mm\u00a0 Renault 12-kampiai XZN-16 M16 su skyle Volkswagen4-kampiai vidiniai, 10 mm\u00a0 BMW, Ford, Toyota3\/8\u201d slankiojanti rankena, ilgis 200 mm<\/p>","protected":false},"excerpt":{"rendered":"<p>Specialios galvut\u0117s 3\/8 tepalo i\u0161leidimo var\u017etams karteryje, \u012fvairi\u0173 form\u0173 ir dyd\u017ei\u0173<\/p>","protected":false},"featured_media":266790,"comment_status":"open","ping_status":"open","template":"","meta":[],"product_cat":[9577],"product_tag":[9778],"class_list":{"0":"post-266788","1":"product","2":"type-product","3":"status-publish","4":"has-post-thumbnail","6":"product_brand-triumf-professional-tools-slovakija","7":"product_cat-galvutes-antgaliai","8":"product_tag-triumf-professional-tools-slovakija","10":"first","11":"outofstock","12":"purchasable","13":"product-type-simple"},"jetpack_sharing_enabled":true,"_links":{"self":[{"href":"https:\/\/irankiuzona.lt\/ru\/wp-json\/wp\/v2\/product\/266788","targetHints":{"allow":["GET"]}}],"collection":[{"href":"https:\/\/irankiuzona.lt\/ru\/wp-json\/wp\/v2\/product"}],"about":[{"href":"https:\/\/irankiuzona.lt\/ru\/wp-json\/wp\/v2\/types\/product"}],"replies":[{"embeddable":true,"href":"https:\/\/irankiuzona.lt\/ru\/wp-json\/wp\/v2\/comments?post=266788"}],"version-history":[{"count":1,"href":"https:\/\/irankiuzona.lt\/ru\/wp-json\/wp\/v2\/product\/266788\/revisions"}],"predecessor-version":[{"id":424058,"href":"https:\/\/irankiuzona.lt\/ru\/wp-json\/wp\/v2\/product\/266788\/revisions\/424058"}],"wp:featuredmedia":[{"embeddable":true,"href":"https:\/\/irankiuzona.lt\/ru\/wp-json\/wp\/v2\/media\/266790"}],"wp:attachment":[{"href":"https:\/\/irankiuzona.lt\/ru\/wp-json\/wp\/v2\/media?parent=266788"}],"wp:term":[{"taxonomy":"product_cat","embeddable":true,"href":"https:\/\/irankiuzona.lt\/ru\/wp-json\/wp\/v2\/product_cat?post=266788"},{"taxonomy":"product_tag","embeddable":true,"href":"https:\/\/irankiuzona.lt\/ru\/wp-json\/wp\/v2\/product_tag?post=266788"}],"curies":[{"name":"wp","href":"https:\/\/api.w.org\/{rel}","templated":true}]}}