{"id":266926,"date":"2024-09-29T14:03:05","date_gmt":"2024-09-29T14:03:05","guid":{"rendered":"https:\/\/irankiuzona.lt\/product\/pneumatinis-slifuoklis-o3-6mm\/"},"modified":"2026-04-12T11:08:31","modified_gmt":"2026-04-12T11:08:31","slug":"pneumatinis-slifuoklis-o3-6mm","status":"publish","type":"product","link":"https:\/\/irankiuzona.lt\/ru\/product\/pneumatinis-slifuoklis-o3-6mm\/","title":{"rendered":"Pneumatinis \u0161lifuoklis \u00f83-6mm"},"content":{"rendered":"<p>\u00f8 3mm-6mmIlgis: 173 mmOro sunaudojimas: 104 l\/minMax 0.62 MPa \/ 90 PSIMax 25000 R.P.M.0.5 kg<\/p>","protected":false},"excerpt":{"rendered":"<p>Pneumatinis \u0161lifuoklis \u00f83-6mm\u00a0<\/p>","protected":false},"featured_media":266928,"comment_status":"open","ping_status":"open","template":"","meta":[],"product_cat":[9676],"product_tag":[9462],"class_list":{"0":"post-266926","1":"product","2":"type-product","3":"status-publish","4":"has-post-thumbnail","6":"product_brand-condor-werkzeug-vokietija","7":"product_cat-pneumatiniai-slifuokliai-ju-priedai","8":"product_tag-condor-werkzeug-vokietija","10":"first","11":"instock","12":"purchasable","13":"product-type-simple"},"jetpack_sharing_enabled":true,"_links":{"self":[{"href":"https:\/\/irankiuzona.lt\/ru\/wp-json\/wp\/v2\/product\/266926","targetHints":{"allow":["GET"]}}],"collection":[{"href":"https:\/\/irankiuzona.lt\/ru\/wp-json\/wp\/v2\/product"}],"about":[{"href":"https:\/\/irankiuzona.lt\/ru\/wp-json\/wp\/v2\/types\/product"}],"replies":[{"embeddable":true,"href":"https:\/\/irankiuzona.lt\/ru\/wp-json\/wp\/v2\/comments?post=266926"}],"version-history":[{"count":1,"href":"https:\/\/irankiuzona.lt\/ru\/wp-json\/wp\/v2\/product\/266926\/revisions"}],"predecessor-version":[{"id":424104,"href":"https:\/\/irankiuzona.lt\/ru\/wp-json\/wp\/v2\/product\/266926\/revisions\/424104"}],"wp:featuredmedia":[{"embeddable":true,"href":"https:\/\/irankiuzona.lt\/ru\/wp-json\/wp\/v2\/media\/266928"}],"wp:attachment":[{"href":"https:\/\/irankiuzona.lt\/ru\/wp-json\/wp\/v2\/media?parent=266926"}],"wp:term":[{"taxonomy":"product_cat","embeddable":true,"href":"https:\/\/irankiuzona.lt\/ru\/wp-json\/wp\/v2\/product_cat?post=266926"},{"taxonomy":"product_tag","embeddable":true,"href":"https:\/\/irankiuzona.lt\/ru\/wp-json\/wp\/v2\/product_tag?post=266926"}],"curies":[{"name":"wp","href":"https:\/\/api.w.org\/{rel}","templated":true}]}}