{"id":266950,"date":"2024-09-29T14:03:08","date_gmt":"2024-09-29T14:03:08","guid":{"rendered":"https:\/\/irankiuzona.lt\/product\/sriegimo-irankiai-hss-g-m2-hss-e-cobalt-5-41d\/"},"modified":"2026-05-16T17:12:32","modified_gmt":"2026-05-16T17:12:32","slug":"sriegimo-irankiai-hss-g-m2-hss-e-cobalt-5-41d","status":"publish","type":"product","link":"https:\/\/irankiuzona.lt\/ru\/product\/sriegimo-irankiai-hss-g-m2-hss-e-cobalt-5-41d\/","title":{"rendered":"Sriegimo \u012frankiai HSS-G M2  HSS-E Cobalt 5%, 41D."},"content":{"rendered":"<p>sriegpjov\u0117s, DIN 352, metrinis, M3, 4, 5, 6, 8, 10, 12Sriegikliai, DIN 223 (EN 22568), metrinis, M3, 4, 5, 6, 8, 10, 12Gr\u0105\u017etai, HSS-E Co5, \u00f8 2,5, 3,3, 4,2, 5,0, 6,8, 8,5, 10,2 mm<\/p>","protected":false},"excerpt":{"rendered":"<p>Sriegimo \u012frankiai HSS-G M2\u00a0 HSS-E Cobalt 5%, 41D.<\/p>","protected":false},"featured_media":266952,"comment_status":"open","ping_status":"open","template":"","meta":[],"product_cat":[9546],"product_tag":[9462],"class_list":{"0":"post-266950","1":"product","2":"type-product","3":"status-publish","4":"has-post-thumbnail","6":"product_brand-condor-werkzeug-vokietija","7":"product_cat-sriegikliu-ir-sriegpjoviu-komplektai","8":"product_tag-condor-werkzeug-vokietija","10":"first","11":"instock","12":"purchasable","13":"product-type-simple"},"jetpack_sharing_enabled":true,"_links":{"self":[{"href":"https:\/\/irankiuzona.lt\/ru\/wp-json\/wp\/v2\/product\/266950","targetHints":{"allow":["GET"]}}],"collection":[{"href":"https:\/\/irankiuzona.lt\/ru\/wp-json\/wp\/v2\/product"}],"about":[{"href":"https:\/\/irankiuzona.lt\/ru\/wp-json\/wp\/v2\/types\/product"}],"replies":[{"embeddable":true,"href":"https:\/\/irankiuzona.lt\/ru\/wp-json\/wp\/v2\/comments?post=266950"}],"version-history":[{"count":1,"href":"https:\/\/irankiuzona.lt\/ru\/wp-json\/wp\/v2\/product\/266950\/revisions"}],"predecessor-version":[{"id":424112,"href":"https:\/\/irankiuzona.lt\/ru\/wp-json\/wp\/v2\/product\/266950\/revisions\/424112"}],"wp:featuredmedia":[{"embeddable":true,"href":"https:\/\/irankiuzona.lt\/ru\/wp-json\/wp\/v2\/media\/266952"}],"wp:attachment":[{"href":"https:\/\/irankiuzona.lt\/ru\/wp-json\/wp\/v2\/media?parent=266950"}],"wp:term":[{"taxonomy":"product_cat","embeddable":true,"href":"https:\/\/irankiuzona.lt\/ru\/wp-json\/wp\/v2\/product_cat?post=266950"},{"taxonomy":"product_tag","embeddable":true,"href":"https:\/\/irankiuzona.lt\/ru\/wp-json\/wp\/v2\/product_tag?post=266950"}],"curies":[{"name":"wp","href":"https:\/\/api.w.org\/{rel}","templated":true}]}}