{"id":266953,"date":"2024-09-29T14:03:08","date_gmt":"2024-09-29T14:03:08","guid":{"rendered":"https:\/\/irankiuzona.lt\/product\/ploksciu-raktu-atvirais-galais-komplektas-6-22mm-8vnt\/"},"modified":"2026-05-16T17:12:32","modified_gmt":"2026-05-16T17:12:32","slug":"ploksciu-raktu-atvirais-galais-komplektas-6-22mm-8vnt","status":"publish","type":"product","link":"https:\/\/irankiuzona.lt\/ru\/product\/ploksciu-raktu-atvirais-galais-komplektas-6-22mm-8vnt\/","title":{"rendered":"Plok\u0161\u010di\u0173 rakt\u0173 atvirais galais komplektas 6-22mm 8vnt."},"content":{"rendered":"<p>Komplekte: 6&#215;7, 8&#215;9, 10&#215;11, 12&#215;13, 14&#215;15, 16&#215;17, 18&#215;19, 20&#215;22 mmchrome vanadium plienas<\/p>","protected":false},"excerpt":{"rendered":"<p>Plok\u0161\u010di\u0173 rakt\u0173 atvirais galais komplektas 6-22mm 8vnt. CrV<\/p>","protected":false},"featured_media":266955,"comment_status":"open","ping_status":"open","template":"","meta":[],"product_cat":[9479],"product_tag":[9462],"class_list":{"0":"post-266953","1":"product","2":"type-product","3":"status-publish","4":"has-post-thumbnail","6":"product_brand-condor-werkzeug-vokietija","7":"product_cat-raktai-atviru-galu-ju-komplektai","8":"product_tag-condor-werkzeug-vokietija","10":"first","11":"instock","12":"purchasable","13":"product-type-simple"},"jetpack_sharing_enabled":true,"_links":{"self":[{"href":"https:\/\/irankiuzona.lt\/ru\/wp-json\/wp\/v2\/product\/266953","targetHints":{"allow":["GET"]}}],"collection":[{"href":"https:\/\/irankiuzona.lt\/ru\/wp-json\/wp\/v2\/product"}],"about":[{"href":"https:\/\/irankiuzona.lt\/ru\/wp-json\/wp\/v2\/types\/product"}],"replies":[{"embeddable":true,"href":"https:\/\/irankiuzona.lt\/ru\/wp-json\/wp\/v2\/comments?post=266953"}],"version-history":[{"count":1,"href":"https:\/\/irankiuzona.lt\/ru\/wp-json\/wp\/v2\/product\/266953\/revisions"}],"predecessor-version":[{"id":424113,"href":"https:\/\/irankiuzona.lt\/ru\/wp-json\/wp\/v2\/product\/266953\/revisions\/424113"}],"wp:featuredmedia":[{"embeddable":true,"href":"https:\/\/irankiuzona.lt\/ru\/wp-json\/wp\/v2\/media\/266955"}],"wp:attachment":[{"href":"https:\/\/irankiuzona.lt\/ru\/wp-json\/wp\/v2\/media?parent=266953"}],"wp:term":[{"taxonomy":"product_cat","embeddable":true,"href":"https:\/\/irankiuzona.lt\/ru\/wp-json\/wp\/v2\/product_cat?post=266953"},{"taxonomy":"product_tag","embeddable":true,"href":"https:\/\/irankiuzona.lt\/ru\/wp-json\/wp\/v2\/product_tag?post=266953"}],"curies":[{"name":"wp","href":"https:\/\/api.w.org\/{rel}","templated":true}]}}