{"id":266983,"date":"2024-09-29T14:03:10","date_gmt":"2024-09-29T14:03:10","guid":{"rendered":"https:\/\/irankiuzona.lt\/product\/verzliasukis-pneumatinis-1-2441nm-2\/"},"modified":"2026-04-15T02:33:54","modified_gmt":"2026-04-15T02:33:54","slug":"verzliasukis-pneumatinis-1-2441nm-2","status":"publish","type":"product","link":"https:\/\/irankiuzona.lt\/ru\/product\/verzliasukis-pneumatinis-1-2441nm-2\/","title":{"rendered":"Ver\u017eliasukis pneumatinis 1&#8221; 2441Nm"},"content":{"rendered":"<p>Maksimalus sukimo momentas: 2441 NmGreitis: 6000 aps.\/minOro suvartojimas: 226 l\/minMaksimalus darbinis sl\u0117gis: 6,2 baro (90 psi)Lizdas galvut\u0117ms: 1&#8243;Svoris: 7,5 kgypa\u010d lengva konstrukcija su maksimaliu sukimo momentu;patogus perjungimas viena ranka, i\u0161traukiamo oro nukreipimas per ranken\u0105;patvarus didelio na\u0161umo dvigubo plaktuko mechanizmas;priver\u017eimo momentas reguliuojamas 4 galios lygiais, visa galia atlaisvinimui;prijungimo sriegis 1\/2&#8243;, rekomenduojamas vidinis \u017earnos skersmuo 1\/2&#8243; (13 mm);garso\/triuk\u0161mo lygis 96,9 db(A);darbinis sl\u0117gis maks. 6,2 baro (90 psi)<\/p>","protected":false},"excerpt":{"rendered":"<p>CONDOR-8851 Pneumatinis ver\u017elias\u016bkis 1&#8243; iki 2441Nm sukimo stiprumo.<\/p>","protected":false},"featured_media":266985,"comment_status":"open","ping_status":"closed","template":"","meta":[],"product_cat":[9667],"product_tag":[9462],"class_list":{"0":"post-266983","1":"product","2":"type-product","3":"status-publish","4":"has-post-thumbnail","6":"product_brand-condor-werkzeug-vokietija","7":"product_cat-pneumatiniai-verzliasukiai","8":"product_tag-condor-werkzeug-vokietija","10":"first","11":"instock","12":"purchasable","13":"product-type-simple"},"jetpack_sharing_enabled":true,"_links":{"self":[{"href":"https:\/\/irankiuzona.lt\/ru\/wp-json\/wp\/v2\/product\/266983","targetHints":{"allow":["GET"]}}],"collection":[{"href":"https:\/\/irankiuzona.lt\/ru\/wp-json\/wp\/v2\/product"}],"about":[{"href":"https:\/\/irankiuzona.lt\/ru\/wp-json\/wp\/v2\/types\/product"}],"replies":[{"embeddable":true,"href":"https:\/\/irankiuzona.lt\/ru\/wp-json\/wp\/v2\/comments?post=266983"}],"version-history":[{"count":1,"href":"https:\/\/irankiuzona.lt\/ru\/wp-json\/wp\/v2\/product\/266983\/revisions"}],"predecessor-version":[{"id":424123,"href":"https:\/\/irankiuzona.lt\/ru\/wp-json\/wp\/v2\/product\/266983\/revisions\/424123"}],"wp:featuredmedia":[{"embeddable":true,"href":"https:\/\/irankiuzona.lt\/ru\/wp-json\/wp\/v2\/media\/266985"}],"wp:attachment":[{"href":"https:\/\/irankiuzona.lt\/ru\/wp-json\/wp\/v2\/media?parent=266983"}],"wp:term":[{"taxonomy":"product_cat","embeddable":true,"href":"https:\/\/irankiuzona.lt\/ru\/wp-json\/wp\/v2\/product_cat?post=266983"},{"taxonomy":"product_tag","embeddable":true,"href":"https:\/\/irankiuzona.lt\/ru\/wp-json\/wp\/v2\/product_tag?post=266983"}],"curies":[{"name":"wp","href":"https:\/\/api.w.org\/{rel}","templated":true}]}}