{"id":267085,"date":"2024-09-29T14:03:16","date_gmt":"2024-09-29T14:03:16","guid":{"rendered":"https:\/\/irankiuzona.lt\/product\/nuluzusiu-varztu-issukeju-komplektas-m2-m10\/"},"modified":"2026-04-13T13:39:42","modified_gmt":"2026-04-13T13:39:42","slug":"nuluzusiu-varztu-issukeju-komplektas-m2-m10","status":"publish","type":"product","link":"https:\/\/irankiuzona.lt\/ru\/product\/nuluzusiu-varztu-issukeju-komplektas-m2-m10\/","title":{"rendered":"Nul\u016b\u017eusi\u0173 var\u017et\u0173 i\u0161suk\u0117j\u0173 komplektas \/ M2-M10"},"content":{"rendered":"<p>Nul\u016b\u017eusi\u0173 var\u017et\u0173 i\u0161sukimo \u012franki\u0173 komplektas \/ 6 dali\u0173 \/ 2-10 mm3\/8 lizdas \/ 2, 3, 4, 6, 8, 10 mm.<\/p>","protected":false},"excerpt":{"rendered":"<p>Nul\u016b\u017eusi\u0173 var\u017et\u0173 i\u0161suk\u0117j\u0173 komplektas \/ M2-M10<\/p>","protected":false},"featured_media":267087,"comment_status":"open","ping_status":"open","template":"","meta":[],"product_cat":[9557],"product_tag":[10130],"class_list":{"0":"post-267085","1":"product","2":"type-product","3":"status-publish","4":"has-post-thumbnail","6":"product_brand-satra-lenkija","7":"product_cat-nulauztu-varztu-issukimo-irankiai","8":"product_tag-satra-lenkija","10":"first","11":"instock","12":"purchasable","13":"product-type-simple"},"jetpack_sharing_enabled":true,"_links":{"self":[{"href":"https:\/\/irankiuzona.lt\/ru\/wp-json\/wp\/v2\/product\/267085","targetHints":{"allow":["GET"]}}],"collection":[{"href":"https:\/\/irankiuzona.lt\/ru\/wp-json\/wp\/v2\/product"}],"about":[{"href":"https:\/\/irankiuzona.lt\/ru\/wp-json\/wp\/v2\/types\/product"}],"replies":[{"embeddable":true,"href":"https:\/\/irankiuzona.lt\/ru\/wp-json\/wp\/v2\/comments?post=267085"}],"version-history":[{"count":1,"href":"https:\/\/irankiuzona.lt\/ru\/wp-json\/wp\/v2\/product\/267085\/revisions"}],"predecessor-version":[{"id":424157,"href":"https:\/\/irankiuzona.lt\/ru\/wp-json\/wp\/v2\/product\/267085\/revisions\/424157"}],"wp:featuredmedia":[{"embeddable":true,"href":"https:\/\/irankiuzona.lt\/ru\/wp-json\/wp\/v2\/media\/267087"}],"wp:attachment":[{"href":"https:\/\/irankiuzona.lt\/ru\/wp-json\/wp\/v2\/media?parent=267085"}],"wp:term":[{"taxonomy":"product_cat","embeddable":true,"href":"https:\/\/irankiuzona.lt\/ru\/wp-json\/wp\/v2\/product_cat?post=267085"},{"taxonomy":"product_tag","embeddable":true,"href":"https:\/\/irankiuzona.lt\/ru\/wp-json\/wp\/v2\/product_tag?post=267085"}],"curies":[{"name":"wp","href":"https:\/\/api.w.org\/{rel}","templated":true}]}}