{"id":267106,"date":"2024-09-29T14:03:18","date_gmt":"2024-09-29T14:03:18","guid":{"rendered":"https:\/\/irankiuzona.lt\/product\/dujinis-lituoklis-su-apsvietimu-ir-putimo-f-ja\/"},"modified":"2026-04-21T12:54:49","modified_gmt":"2026-04-21T12:54:49","slug":"dujinis-lituoklis-su-apsvietimu-ir-putimo-f-ja","status":"publish","type":"product","link":"https:\/\/irankiuzona.lt\/ru\/product\/dujinis-lituoklis-su-apsvietimu-ir-putimo-f-ja\/","title":{"rendered":"Dujinis lituoklis su ap\u0161vietimu ir p\u016btimo f-ja"},"content":{"rendered":"<p>Sandarinimo temperat\u016bra: 1300\u00b0C<br \/>\nLitavimo temperat\u016bra: 450\u00b0C<br \/>\nKar\u0161to oro temperat\u016bra: 600\u00b0C<br \/>\nAuk\u0161tis: 253 mm<br \/>\nStoris: 78 mm<br \/>\nRankenos skersmuo: 25,4 mm<br \/>\nBendras svoris: 104 g<\/p>","protected":false},"excerpt":{"rendered":"<p>Dujinis lituoklis su ap\u0161vietimu ir p\u016btimo f-ja<\/p>","protected":false},"featured_media":267108,"comment_status":"open","ping_status":"open","template":"","meta":[],"product_cat":[9802],"product_tag":[10131],"class_list":{"0":"post-267106","1":"product","2":"type-product","3":"status-publish","4":"has-post-thumbnail","6":"product_brand-asta-lenkija","7":"product_cat-lituokliai","8":"product_tag-asta-lenkija","10":"first","11":"instock","12":"purchasable","13":"product-type-simple"},"jetpack_sharing_enabled":true,"_links":{"self":[{"href":"https:\/\/irankiuzona.lt\/ru\/wp-json\/wp\/v2\/product\/267106","targetHints":{"allow":["GET"]}}],"collection":[{"href":"https:\/\/irankiuzona.lt\/ru\/wp-json\/wp\/v2\/product"}],"about":[{"href":"https:\/\/irankiuzona.lt\/ru\/wp-json\/wp\/v2\/types\/product"}],"replies":[{"embeddable":true,"href":"https:\/\/irankiuzona.lt\/ru\/wp-json\/wp\/v2\/comments?post=267106"}],"version-history":[{"count":1,"href":"https:\/\/irankiuzona.lt\/ru\/wp-json\/wp\/v2\/product\/267106\/revisions"}],"predecessor-version":[{"id":424164,"href":"https:\/\/irankiuzona.lt\/ru\/wp-json\/wp\/v2\/product\/267106\/revisions\/424164"}],"wp:featuredmedia":[{"embeddable":true,"href":"https:\/\/irankiuzona.lt\/ru\/wp-json\/wp\/v2\/media\/267108"}],"wp:attachment":[{"href":"https:\/\/irankiuzona.lt\/ru\/wp-json\/wp\/v2\/media?parent=267106"}],"wp:term":[{"taxonomy":"product_cat","embeddable":true,"href":"https:\/\/irankiuzona.lt\/ru\/wp-json\/wp\/v2\/product_cat?post=267106"},{"taxonomy":"product_tag","embeddable":true,"href":"https:\/\/irankiuzona.lt\/ru\/wp-json\/wp\/v2\/product_tag?post=267106"}],"curies":[{"name":"wp","href":"https:\/\/api.w.org\/{rel}","templated":true}]}}