{"id":267166,"date":"2024-09-29T14:03:20","date_gmt":"2024-09-29T14:03:20","guid":{"rendered":"https:\/\/irankiuzona.lt\/product\/purkstuku-isemiklis-common-rail-bosch\/"},"modified":"2026-04-15T04:33:44","modified_gmt":"2026-04-15T04:33:44","slug":"purkstuku-isemiklis-common-rail-bosch","status":"publish","type":"product","link":"https:\/\/irankiuzona.lt\/ru\/product\/purkstuku-isemiklis-common-rail-bosch\/","title":{"rendered":"Purk\u0161tuk\u0173 i\u0161\u0117miklis Common Rail Bosch"},"content":{"rendered":"<p>\u012erankis Bosch elektromagnetiniams purk\u0161tukams i\u0161montuoti tvirtai suimant ir i\u0161mu\u0161ant inerciniu plaktuku.Leid\u017eia i\u0161imti purk\u0161tuk\u0105 nei\u0161ard\u017eius purk\u0161tuko solenoido ar vidini\u0173 komponent\u0173.Vidinis sriegis M18x1,5<\/p>","protected":false},"excerpt":{"rendered":"<p>Purk\u0161tuk\u0173 i\u0161\u0117miklis Common Rail Bosch<\/p>","protected":false},"featured_media":267168,"comment_status":"open","ping_status":"open","template":"","meta":[],"product_cat":[9701],"product_tag":[10131],"class_list":{"0":"post-267166","1":"product","2":"type-product","3":"status-publish","4":"has-post-thumbnail","6":"product_brand-asta-lenkija","7":"product_cat-purkstuku-istraukimui","8":"product_tag-asta-lenkija","10":"first","11":"instock","12":"purchasable","13":"product-type-simple"},"jetpack_sharing_enabled":true,"_links":{"self":[{"href":"https:\/\/irankiuzona.lt\/ru\/wp-json\/wp\/v2\/product\/267166","targetHints":{"allow":["GET"]}}],"collection":[{"href":"https:\/\/irankiuzona.lt\/ru\/wp-json\/wp\/v2\/product"}],"about":[{"href":"https:\/\/irankiuzona.lt\/ru\/wp-json\/wp\/v2\/types\/product"}],"replies":[{"embeddable":true,"href":"https:\/\/irankiuzona.lt\/ru\/wp-json\/wp\/v2\/comments?post=267166"}],"version-history":[{"count":1,"href":"https:\/\/irankiuzona.lt\/ru\/wp-json\/wp\/v2\/product\/267166\/revisions"}],"predecessor-version":[{"id":424185,"href":"https:\/\/irankiuzona.lt\/ru\/wp-json\/wp\/v2\/product\/267166\/revisions\/424185"}],"wp:featuredmedia":[{"embeddable":true,"href":"https:\/\/irankiuzona.lt\/ru\/wp-json\/wp\/v2\/media\/267168"}],"wp:attachment":[{"href":"https:\/\/irankiuzona.lt\/ru\/wp-json\/wp\/v2\/media?parent=267166"}],"wp:term":[{"taxonomy":"product_cat","embeddable":true,"href":"https:\/\/irankiuzona.lt\/ru\/wp-json\/wp\/v2\/product_cat?post=267166"},{"taxonomy":"product_tag","embeddable":true,"href":"https:\/\/irankiuzona.lt\/ru\/wp-json\/wp\/v2\/product_tag?post=267166"}],"curies":[{"name":"wp","href":"https:\/\/api.w.org\/{rel}","templated":true}]}}