{"id":267226,"date":"2024-09-29T14:03:24","date_gmt":"2024-09-29T14:03:24","guid":{"rendered":"https:\/\/irankiuzona.lt\/product\/hogert-graztai-metalui-medziui-betonui-18vnt-ht6d379\/"},"modified":"2026-05-15T03:13:16","modified_gmt":"2026-05-15T03:13:16","slug":"hogert-graztai-metalui-medziui-betonui-18vnt-ht6d379","status":"publish","type":"product","link":"https:\/\/irankiuzona.lt\/ru\/product\/hogert-graztai-metalui-medziui-betonui-18vnt-ht6d379\/","title":{"rendered":"HOGERT Gr\u0105\u017etai metalui, med\u017eiui, betonui 18vnt. HT6D379"},"content":{"rendered":"<p>Gr\u0105\u017etai metalui HSS: 6 vnt, 3, 4, 5, 6, 8, 10 mm, DIN 338, 118\u00b0Gr\u0105\u017etai medienai: 6 vnt, 3, 4, 5, 6, 8, 10 mm, Gr\u0105\u017etai betonui: 6 vnt, 3, 4, 5, 6, 8, 10 mm,<\/p>","protected":false},"excerpt":{"rendered":"<p>Gr\u0105\u017etai metalui, med\u017eiui, betonui 18vnt.<\/p>","protected":false},"featured_media":267228,"comment_status":"open","ping_status":"open","template":"","meta":[],"product_cat":[9625],"product_tag":[9969],"class_list":{"0":"post-267226","1":"product","2":"type-product","3":"status-publish","4":"has-post-thumbnail","6":"product_brand-hogert-technik-vokietija","7":"product_cat-graztu-medziui-komplektai","8":"product_tag-hogert-technik-vokietija","10":"first","11":"instock","12":"purchasable","13":"product-type-simple"},"jetpack_sharing_enabled":true,"_links":{"self":[{"href":"https:\/\/irankiuzona.lt\/ru\/wp-json\/wp\/v2\/product\/267226","targetHints":{"allow":["GET"]}}],"collection":[{"href":"https:\/\/irankiuzona.lt\/ru\/wp-json\/wp\/v2\/product"}],"about":[{"href":"https:\/\/irankiuzona.lt\/ru\/wp-json\/wp\/v2\/types\/product"}],"replies":[{"embeddable":true,"href":"https:\/\/irankiuzona.lt\/ru\/wp-json\/wp\/v2\/comments?post=267226"}],"version-history":[{"count":1,"href":"https:\/\/irankiuzona.lt\/ru\/wp-json\/wp\/v2\/product\/267226\/revisions"}],"predecessor-version":[{"id":424206,"href":"https:\/\/irankiuzona.lt\/ru\/wp-json\/wp\/v2\/product\/267226\/revisions\/424206"}],"wp:featuredmedia":[{"embeddable":true,"href":"https:\/\/irankiuzona.lt\/ru\/wp-json\/wp\/v2\/media\/267228"}],"wp:attachment":[{"href":"https:\/\/irankiuzona.lt\/ru\/wp-json\/wp\/v2\/media?parent=267226"}],"wp:term":[{"taxonomy":"product_cat","embeddable":true,"href":"https:\/\/irankiuzona.lt\/ru\/wp-json\/wp\/v2\/product_cat?post=267226"},{"taxonomy":"product_tag","embeddable":true,"href":"https:\/\/irankiuzona.lt\/ru\/wp-json\/wp\/v2\/product_tag?post=267226"}],"curies":[{"name":"wp","href":"https:\/\/api.w.org\/{rel}","templated":true}]}}