{"id":267286,"date":"2024-09-29T14:03:28","date_gmt":"2024-09-29T14:03:28","guid":{"rendered":"https:\/\/irankiuzona.lt\/product\/kardaniniu-jungciu-komplektas-1-43-81-2-360\/"},"modified":"2026-04-16T16:08:14","modified_gmt":"2026-04-16T16:08:14","slug":"kardaniniu-jungciu-komplektas-1-43-81-2-360","status":"publish","type":"product","link":"https:\/\/irankiuzona.lt\/ru\/product\/kardaniniu-jungciu-komplektas-1-43-81-2-360\/","title":{"rendered":"Kardanini\u0173 jung\u010di\u0173 komplektas 1\/4+3\/8+1\/2&quot; 360\u00b0"},"content":{"rendered":"<p>: 1\/4&#8221;, 3\/8&#8221; , 1\/2&#8221;\u00a0<\/p>","protected":false},"excerpt":{"rendered":"<p>Kardanini\u0173 jung\u010di\u0173 komplektas 1\/4+3\/8+1\/2&quot; 360\u00b0<\/p>","protected":false},"featured_media":267288,"comment_status":"open","ping_status":"open","template":"","meta":[],"product_cat":[9574],"product_tag":[],"class_list":{"0":"post-267286","1":"product","2":"type-product","3":"status-publish","4":"has-post-thumbnail","6":"product_cat-cr-v-paprasti","8":"first","9":"instock","10":"purchasable","11":"product-type-simple"},"jetpack_sharing_enabled":true,"_links":{"self":[{"href":"https:\/\/irankiuzona.lt\/ru\/wp-json\/wp\/v2\/product\/267286","targetHints":{"allow":["GET"]}}],"collection":[{"href":"https:\/\/irankiuzona.lt\/ru\/wp-json\/wp\/v2\/product"}],"about":[{"href":"https:\/\/irankiuzona.lt\/ru\/wp-json\/wp\/v2\/types\/product"}],"replies":[{"embeddable":true,"href":"https:\/\/irankiuzona.lt\/ru\/wp-json\/wp\/v2\/comments?post=267286"}],"version-history":[{"count":1,"href":"https:\/\/irankiuzona.lt\/ru\/wp-json\/wp\/v2\/product\/267286\/revisions"}],"predecessor-version":[{"id":424230,"href":"https:\/\/irankiuzona.lt\/ru\/wp-json\/wp\/v2\/product\/267286\/revisions\/424230"}],"wp:featuredmedia":[{"embeddable":true,"href":"https:\/\/irankiuzona.lt\/ru\/wp-json\/wp\/v2\/media\/267288"}],"wp:attachment":[{"href":"https:\/\/irankiuzona.lt\/ru\/wp-json\/wp\/v2\/media?parent=267286"}],"wp:term":[{"taxonomy":"product_cat","embeddable":true,"href":"https:\/\/irankiuzona.lt\/ru\/wp-json\/wp\/v2\/product_cat?post=267286"},{"taxonomy":"product_tag","embeddable":true,"href":"https:\/\/irankiuzona.lt\/ru\/wp-json\/wp\/v2\/product_tag?post=267286"}],"curies":[{"name":"wp","href":"https:\/\/api.w.org\/{rel}","templated":true}]}}