{"id":267357,"date":"2024-09-29T14:03:33","date_gmt":"2024-09-29T14:03:33","guid":{"rendered":"https:\/\/irankiuzona.lt\/product\/kuprine-irankiams-2\/"},"modified":"2026-04-17T17:27:18","modified_gmt":"2026-04-17T17:27:18","slug":"kuprine-irankiams-2","status":"publish","type":"product","link":"https:\/\/irankiuzona.lt\/ru\/product\/kuprine-irankiams-2\/","title":{"rendered":"Kuprin\u0117 \u012frankiams"},"content":{"rendered":"<p>\u012eranki\u0173 kuprin\u0117, pagaminta i\u0161 patvaraus 600D poliesterio \u2013 tai patvarumo ir gerai apgalvoto erdv\u0117s organizavimo esm\u0117. D\u0117l kruop\u0161\u010diai suprojektuot\u0173 skyri\u0173 ir daugyb\u0117s skyri\u0173 jis yra ne\u012fkainojamas kiekvieno specialisto palydovas. Unikal\u016bs dizaino sprendimai garantuoja jo ilgaam\u017ei\u0161kum\u0105, atsparum\u0105 pa\u017eeidimams ir kasdieniam d\u0117v\u0117jimuisi. Be to, pagrindinis \u0161ios kuprin\u0117s prana\u0161umas yra pa\u017eangi ki\u0161eni\u0173 sistema, skirta optimizuoti erdv\u0119 ir intuityviai tvarkyti \u012frankius bei priedus. D\u0117l to viskas, ko jums reikia, visada yra po ranka ir tinkamoje vietoje.<\/p>","protected":false},"excerpt":{"rendered":"<p>med\u017eiaga: 600D poliesteris;<br \/>\nfunkcin\u0117s kilpos i\u0161oriniame kuprin\u0117s sluoksnyje;<br \/>\n3 skirting\u0173 dyd\u017ei\u0173 skyriai;<br \/>\n2 i\u0161orin\u0117s ki\u0161en\u0117s su u\u017etrauktuku.<\/p>","protected":false},"featured_media":267359,"comment_status":"open","ping_status":"open","template":"","meta":[],"product_cat":[9831],"product_tag":[9969],"class_list":{"0":"post-267357","1":"product","2":"type-product","3":"status-publish","4":"has-post-thumbnail","6":"product_brand-hogert-technik-vokietija","7":"product_cat-irankiu-dezes-krepsiai-kuprines-dirzai","8":"product_tag-hogert-technik-vokietija","10":"first","11":"instock","12":"purchasable","13":"product-type-simple"},"jetpack_sharing_enabled":true,"_links":{"self":[{"href":"https:\/\/irankiuzona.lt\/ru\/wp-json\/wp\/v2\/product\/267357","targetHints":{"allow":["GET"]}}],"collection":[{"href":"https:\/\/irankiuzona.lt\/ru\/wp-json\/wp\/v2\/product"}],"about":[{"href":"https:\/\/irankiuzona.lt\/ru\/wp-json\/wp\/v2\/types\/product"}],"replies":[{"embeddable":true,"href":"https:\/\/irankiuzona.lt\/ru\/wp-json\/wp\/v2\/comments?post=267357"}],"version-history":[{"count":1,"href":"https:\/\/irankiuzona.lt\/ru\/wp-json\/wp\/v2\/product\/267357\/revisions"}],"predecessor-version":[{"id":424262,"href":"https:\/\/irankiuzona.lt\/ru\/wp-json\/wp\/v2\/product\/267357\/revisions\/424262"}],"wp:featuredmedia":[{"embeddable":true,"href":"https:\/\/irankiuzona.lt\/ru\/wp-json\/wp\/v2\/media\/267359"}],"wp:attachment":[{"href":"https:\/\/irankiuzona.lt\/ru\/wp-json\/wp\/v2\/media?parent=267357"}],"wp:term":[{"taxonomy":"product_cat","embeddable":true,"href":"https:\/\/irankiuzona.lt\/ru\/wp-json\/wp\/v2\/product_cat?post=267357"},{"taxonomy":"product_tag","embeddable":true,"href":"https:\/\/irankiuzona.lt\/ru\/wp-json\/wp\/v2\/product_tag?post=267357"}],"curies":[{"name":"wp","href":"https:\/\/api.w.org\/{rel}","templated":true}]}}