{"id":267360,"date":"2024-09-29T14:03:34","date_gmt":"2024-09-29T14:03:34","guid":{"rendered":"https:\/\/irankiuzona.lt\/product\/krepsys-irankiams-i\/"},"modified":"2026-04-23T07:52:34","modified_gmt":"2026-04-23T07:52:34","slug":"krepsys-irankiams-i","status":"publish","type":"product","link":"https:\/\/irankiuzona.lt\/ru\/product\/krepsys-irankiams-i\/","title":{"rendered":"Krep\u0161ys \u012frankiams I"},"content":{"rendered":"<p>Darbo krep\u0161ys I sujungia ir patvarum\u0105, ir funkcionalum\u0105, tampa nepakei\u010diamu profesional\u0173 pasirinkimu. Pagaminta i\u0161 auk\u0161\u010diausios kokyb\u0117s 600D poliesterio, u\u017etikrina ilgaam\u017ei\u0161kum\u0105 ir atsparum\u0105 \u012fvairiems pa\u017eeidimams, o tuo pa\u010diu yra lengvas ir patogus ne\u0161iotis. Vir\u0161utinio dangtelio nebuvimas leid\u017eia greitai pasiekti \u012frankius. Tai puikus sprendimas tiems, kuriems reikia visk\u0105 tur\u0117ti po ranka.<\/p>","protected":false},"excerpt":{"rendered":"<p>med\u017eiaga: 600D poliesteris;metalin\u0117 rankena su putplas\u010dio rankena;dugnas pagamintas i\u0161 PE med\u017eiagos;turi pagal u\u017esakym\u0105 pagamint\u0105 tvirtinimo detal\u0119;su 12 i\u0161orini\u0173 ki\u0161eni\u0173, \u012fskaitant:\u2013 2 Velcro ki\u0161en\u0117s\u2013 1 tinklin\u0117 ki\u0161en\u0117\u2013 9 skirting\u0173 dyd\u017ei\u0173 atviros ki\u0161en\u0117s<br \/>\n11 vidini\u0173 ki\u0161eni\u0173, \u012fskaitant:\u2013 1 ki\u0161en\u0117 su u\u017etrauktuku\u2013 1 Velcro ki\u0161en\u0117\u2013 9 u\u017etraukiamos ki\u0161en\u0117s.<\/p>","protected":false},"featured_media":267362,"comment_status":"open","ping_status":"open","template":"","meta":[],"product_cat":[9831],"product_tag":[9969],"class_list":{"0":"post-267360","1":"product","2":"type-product","3":"status-publish","4":"has-post-thumbnail","6":"product_brand-hogert-technik-vokietija","7":"product_cat-irankiu-dezes-krepsiai-kuprines-dirzai","8":"product_tag-hogert-technik-vokietija","10":"first","11":"instock","12":"purchasable","13":"product-type-simple"},"jetpack_sharing_enabled":true,"_links":{"self":[{"href":"https:\/\/irankiuzona.lt\/ru\/wp-json\/wp\/v2\/product\/267360","targetHints":{"allow":["GET"]}}],"collection":[{"href":"https:\/\/irankiuzona.lt\/ru\/wp-json\/wp\/v2\/product"}],"about":[{"href":"https:\/\/irankiuzona.lt\/ru\/wp-json\/wp\/v2\/types\/product"}],"replies":[{"embeddable":true,"href":"https:\/\/irankiuzona.lt\/ru\/wp-json\/wp\/v2\/comments?post=267360"}],"version-history":[{"count":1,"href":"https:\/\/irankiuzona.lt\/ru\/wp-json\/wp\/v2\/product\/267360\/revisions"}],"predecessor-version":[{"id":424263,"href":"https:\/\/irankiuzona.lt\/ru\/wp-json\/wp\/v2\/product\/267360\/revisions\/424263"}],"wp:featuredmedia":[{"embeddable":true,"href":"https:\/\/irankiuzona.lt\/ru\/wp-json\/wp\/v2\/media\/267362"}],"wp:attachment":[{"href":"https:\/\/irankiuzona.lt\/ru\/wp-json\/wp\/v2\/media?parent=267360"}],"wp:term":[{"taxonomy":"product_cat","embeddable":true,"href":"https:\/\/irankiuzona.lt\/ru\/wp-json\/wp\/v2\/product_cat?post=267360"},{"taxonomy":"product_tag","embeddable":true,"href":"https:\/\/irankiuzona.lt\/ru\/wp-json\/wp\/v2\/product_tag?post=267360"}],"curies":[{"name":"wp","href":"https:\/\/api.w.org\/{rel}","templated":true}]}}