{"id":267369,"date":"2024-09-29T14:03:34","date_gmt":"2024-09-29T14:03:34","guid":{"rendered":"https:\/\/irankiuzona.lt\/product\/krepsys-irankiams-elektriko\/"},"modified":"2026-04-21T20:00:49","modified_gmt":"2026-04-21T20:00:49","slug":"krepsys-irankiams-elektriko","status":"publish","type":"product","link":"https:\/\/irankiuzona.lt\/ru\/product\/krepsys-irankiams-elektriko\/","title":{"rendered":"Krep\u0161ys \u012frankiams elektriko"},"content":{"rendered":"<p>\u0160is profesionaliems elektrikams skirtas krep\u0161ys i\u0161 patvaraus 600D poliesterio yra kompakti\u0161kas sprendimas profesionalams, norintiems, kad \u012frankiai ir priedai visada b\u016bt\u0173 po ranka. Daug d\u0117mesio skiriant funkcionalumui ir ilgalaikiam patvarumui, \u0161is krep\u0161ys buvo sukurtas taip, kad atitikt\u0173 auk\u0161tus pramon\u0117s standartus, kad b\u016bt\u0173 lengva pasiekti \u012frankius ir b\u016bt\u0173 u\u017etikrinta i\u0161skirtin\u0117 apsauga.<\/p>","protected":false},"excerpt":{"rendered":"<p>3 \u0161onin\u0117s ki\u0161en\u0117s (1 Velcro);6 elastin\u0117s kilpos \u012frankiams tvirtinti;4 i\u0161orin\u0117s ki\u0161en\u0117s smulkiems aksesuarams;Viduje 3 pagrindiniai skyriai, kuriuose yra:\u00a0 15 kilp\u0173 \u012frankiams tvirtinti;\u00a0 \u00a0 \u00a0 \u00a0 \u00a0 \u00a0 \u00a0 \u00a0 \u00a0 \u00a0 \u00a0 \u00a0 \u00a0 \u00a0 \u00a0 \u00a0 \u00a0 \u00a0 \u00a0 \u00a0 \u00a0 \u00a0 \u00a0 \u00a0 \u00a0 \u00a0 \u00a0 \u00a0 \u00a0 \u00a0 \u00a0 \u00a023 ki\u0161en\u0117s, i\u0161 kuri\u0173 1 u\u017esegamas Velcro ir 1 su u\u017etrauktuku.<\/p>","protected":false},"featured_media":267371,"comment_status":"open","ping_status":"open","template":"","meta":[],"product_cat":[9831],"product_tag":[9969],"class_list":{"0":"post-267369","1":"product","2":"type-product","3":"status-publish","4":"has-post-thumbnail","6":"product_brand-hogert-technik-vokietija","7":"product_cat-irankiu-dezes-krepsiai-kuprines-dirzai","8":"product_tag-hogert-technik-vokietija","10":"first","11":"instock","12":"purchasable","13":"product-type-simple"},"jetpack_sharing_enabled":true,"_links":{"self":[{"href":"https:\/\/irankiuzona.lt\/ru\/wp-json\/wp\/v2\/product\/267369","targetHints":{"allow":["GET"]}}],"collection":[{"href":"https:\/\/irankiuzona.lt\/ru\/wp-json\/wp\/v2\/product"}],"about":[{"href":"https:\/\/irankiuzona.lt\/ru\/wp-json\/wp\/v2\/types\/product"}],"replies":[{"embeddable":true,"href":"https:\/\/irankiuzona.lt\/ru\/wp-json\/wp\/v2\/comments?post=267369"}],"version-history":[{"count":1,"href":"https:\/\/irankiuzona.lt\/ru\/wp-json\/wp\/v2\/product\/267369\/revisions"}],"predecessor-version":[{"id":424266,"href":"https:\/\/irankiuzona.lt\/ru\/wp-json\/wp\/v2\/product\/267369\/revisions\/424266"}],"wp:featuredmedia":[{"embeddable":true,"href":"https:\/\/irankiuzona.lt\/ru\/wp-json\/wp\/v2\/media\/267371"}],"wp:attachment":[{"href":"https:\/\/irankiuzona.lt\/ru\/wp-json\/wp\/v2\/media?parent=267369"}],"wp:term":[{"taxonomy":"product_cat","embeddable":true,"href":"https:\/\/irankiuzona.lt\/ru\/wp-json\/wp\/v2\/product_cat?post=267369"},{"taxonomy":"product_tag","embeddable":true,"href":"https:\/\/irankiuzona.lt\/ru\/wp-json\/wp\/v2\/product_tag?post=267369"}],"curies":[{"name":"wp","href":"https:\/\/api.w.org\/{rel}","templated":true}]}}