{"id":267372,"date":"2024-09-29T14:03:34","date_gmt":"2024-09-29T14:03:34","guid":{"rendered":"https:\/\/irankiuzona.lt\/product\/krepsys-irankiams-ii\/"},"modified":"2026-04-21T21:57:54","modified_gmt":"2026-04-21T21:57:54","slug":"krepsys-irankiams-ii","status":"publish","type":"product","link":"https:\/\/irankiuzona.lt\/ru\/product\/krepsys-irankiams-ii\/","title":{"rendered":"Krep\u0161ys \u012frankiams II"},"content":{"rendered":"<p>Darbinis krep\u0161ys, kuriame derinamas ir patvarumas, ir funkcionalumas. Pagaminta i\u0161 auk\u0161\u010diausios kokyb\u0117s 600D poliesterio, u\u017etikrina ilgaam\u017ei\u0161kum\u0105 ir atsparum\u0105 \u012fvairiems pa\u017eeidimams, o tuo pa\u010diu yra lengvas ir patogus ne\u0161iotis. Profesionalumo esm\u0117 derinama su prakti\u0161kumu. Idealus pasirinkimas vertinantiems kokyb\u0119, funkcionalum\u0105 ir eleganti\u0161k\u0105 dizain\u0105 viename.<\/p>","protected":false},"excerpt":{"rendered":"<p>dugnas pagamintas i\u0161 PE med\u017eiagos;vieta vizitinei kortelei;turi pagal u\u017esakym\u0105 pagamint\u0105 tvirtinimo detal\u0119;su 13 i\u0161orini\u0173 ki\u0161eni\u0173;14 vidini\u0173 ki\u0161eni\u0173.<\/p>","protected":false},"featured_media":267374,"comment_status":"open","ping_status":"open","template":"","meta":[],"product_cat":[9831],"product_tag":[9969],"class_list":{"0":"post-267372","1":"product","2":"type-product","3":"status-publish","4":"has-post-thumbnail","6":"product_brand-hogert-technik-vokietija","7":"product_cat-irankiu-dezes-krepsiai-kuprines-dirzai","8":"product_tag-hogert-technik-vokietija","10":"first","11":"outofstock","12":"purchasable","13":"product-type-simple"},"jetpack_sharing_enabled":true,"_links":{"self":[{"href":"https:\/\/irankiuzona.lt\/ru\/wp-json\/wp\/v2\/product\/267372","targetHints":{"allow":["GET"]}}],"collection":[{"href":"https:\/\/irankiuzona.lt\/ru\/wp-json\/wp\/v2\/product"}],"about":[{"href":"https:\/\/irankiuzona.lt\/ru\/wp-json\/wp\/v2\/types\/product"}],"replies":[{"embeddable":true,"href":"https:\/\/irankiuzona.lt\/ru\/wp-json\/wp\/v2\/comments?post=267372"}],"version-history":[{"count":1,"href":"https:\/\/irankiuzona.lt\/ru\/wp-json\/wp\/v2\/product\/267372\/revisions"}],"predecessor-version":[{"id":424267,"href":"https:\/\/irankiuzona.lt\/ru\/wp-json\/wp\/v2\/product\/267372\/revisions\/424267"}],"wp:featuredmedia":[{"embeddable":true,"href":"https:\/\/irankiuzona.lt\/ru\/wp-json\/wp\/v2\/media\/267374"}],"wp:attachment":[{"href":"https:\/\/irankiuzona.lt\/ru\/wp-json\/wp\/v2\/media?parent=267372"}],"wp:term":[{"taxonomy":"product_cat","embeddable":true,"href":"https:\/\/irankiuzona.lt\/ru\/wp-json\/wp\/v2\/product_cat?post=267372"},{"taxonomy":"product_tag","embeddable":true,"href":"https:\/\/irankiuzona.lt\/ru\/wp-json\/wp\/v2\/product_tag?post=267372"}],"curies":[{"name":"wp","href":"https:\/\/api.w.org\/{rel}","templated":true}]}}